{"id":796,"date":"2019-01-08T17:13:21","date_gmt":"2019-01-08T17:13:21","guid":{"rendered":"https:\/\/wuk-gmbh.com\/?page_id=796"},"modified":"2023-05-26T09:40:36","modified_gmt":"2023-05-26T08:40:36","slug":"contact","status":"publish","type":"page","link":"https:\/\/wuk-gmbh.com\/en\/contact\/","title":{"rendered":"Contact"},"content":{"rendered":"\n<style type=\"text\/css\" data-created_by=\"avia_inline_auto\" id=\"style-css-av-553zf-a7136ae8f7d95580694f5086b0900eee\">\n.avia-section.av-553zf-a7136ae8f7d95580694f5086b0900eee{\nbackground-repeat:no-repeat;\nbackground-image:url(https:\/\/wuk-gmbh.com\/wp-content\/uploads\/2018\/12\/company-employees-working-in-office-9DG85KW-1030x687.jpg);\nbackground-position:50% 50%;\nbackground-attachment:fixed;\n}\n.avia-section.av-553zf-a7136ae8f7d95580694f5086b0900eee .av-section-color-overlay{\nopacity:0.7;\nbackground-color:#0a0a0a;\n}\n<\/style>\n<div id='av_section_1'  class='avia-section av-553zf-a7136ae8f7d95580694f5086b0900eee main_color avia-section-large avia-no-border-styling  avia-builder-el-0  el_before_av_one_half  avia-builder-el-first  avia-full-stretch avia-bg-style-fixed av-section-color-overlay-active av-minimum-height av-minimum-height-50 av-height-50  container_wrap sidebar_right'  data-section-bg-repeat='stretch' data-av_minimum_height_pc='50' data-av_min_height_opt='50'><div class=\"av-section-color-overlay-wrap\"><div class=\"av-section-color-overlay\"><\/div><div class='container av-section-cont-open' ><main  role=\"main\" itemprop=\"mainContentOfPage\"  class='template-page content  av-content-small alpha units'><div class='post-entry post-entry-type-page post-entry-796'><div class='entry-content-wrapper clearfix'>\n\n<style type=\"text\/css\" data-created_by=\"avia_inline_auto\" id=\"style-css-av-4qavr-0aea01391bcaebb3d7308b6c7d770ff4\">\n#top .av-special-heading.av-4qavr-0aea01391bcaebb3d7308b6c7d770ff4{\npadding-bottom:0;\ncolor:#ffffff;\nfont-size:50px;\n}\nbody .av-special-heading.av-4qavr-0aea01391bcaebb3d7308b6c7d770ff4 .av-special-heading-tag .heading-char{\nfont-size:25px;\n}\n#top #wrap_all .av-special-heading.av-4qavr-0aea01391bcaebb3d7308b6c7d770ff4 .av-special-heading-tag{\nfont-size:50px;\n}\n.av-special-heading.av-4qavr-0aea01391bcaebb3d7308b6c7d770ff4 .special-heading-inner-border{\nborder-color:#ffffff;\n}\n.av-special-heading.av-4qavr-0aea01391bcaebb3d7308b6c7d770ff4 .av-subheading{\nfont-size:15px;\n}\n\n@media only screen and (min-width: 480px) and (max-width: 767px){ \n#top #wrap_all .av-special-heading.av-4qavr-0aea01391bcaebb3d7308b6c7d770ff4 .av-special-heading-tag{\nfont-size:50px;\n}\n}\n\n@media only screen and (max-width: 479px){ \n#top #wrap_all .av-special-heading.av-4qavr-0aea01391bcaebb3d7308b6c7d770ff4 .av-special-heading-tag{\nfont-size:40px;\n}\n}\n<\/style>\n<div  class='av-special-heading av-4qavr-0aea01391bcaebb3d7308b6c7d770ff4 av-special-heading-h1 custom-color-heading blockquote modern-quote  avia-builder-el-1  avia-builder-el-no-sibling  av-thin-font av-inherit-size'><h1 class='av-special-heading-tag '  itemprop=\"headline\"  ><strong>Contact<\/strong><\/h1><div class=\"special-heading-border\"><div class=\"special-heading-inner-border\"><\/div><\/div><\/div>\n<\/div><\/div><\/main><!-- close content main element --><\/div><\/div><\/div><div id='after_section_1'  class='main_color av_default_container_wrap container_wrap sidebar_right'  ><div class='container av-section-cont-open' ><div class='template-page content  av-content-small alpha units'><div class='post-entry post-entry-type-page post-entry-796'><div class='entry-content-wrapper clearfix'>\n\n<style type=\"text\/css\" data-created_by=\"avia_inline_auto\" id=\"style-css-av-3u3gv-c4818c38c16a0f30ce2495caaeef5c64\">\n.flex_column.av-3u3gv-c4818c38c16a0f30ce2495caaeef5c64{\nborder-radius:0px 0px 0px 0px;\npadding:0px 0px 0px 0px;\n}\n<\/style>\n<div  class='flex_column av-3u3gv-c4818c38c16a0f30ce2495caaeef5c64 av_one_half  avia-builder-el-2  el_after_av_section  el_before_av_one_half  avia-builder-el-first  first flex_column_div av-animated-generic bottom-to-top av-zero-column-padding  '     ><section  class='av_textblock_section av-3ebn7-44e17950202cb8974942ed79e1e47d68 '   itemscope=\"itemscope\" itemtype=\"https:\/\/schema.org\/CreativeWork\" ><div class='avia_textblock'  itemprop=\"text\" ><h3><strong>Headquarter<\/strong><\/h3>\n<p><span style=\"font-weight: 400;\">w&amp;k Elektrotechnik GmbH<br \/>\n<\/span>Wiesenthaler Stra\u00dfe 27<br \/>\n<span style=\"font-weight: 400;\">36466 Dermbach\/Rh\u00f6n<\/span><\/p>\n<p><strong>Telephone:<\/strong> <a href=\"tel:+493696480330\">+49 (0) 3 69 64 \/ 80 330<\/a><br \/>\n<strong>Telefax:<\/strong> +49 (0) 3 69 64 \/ 80 333<br \/>\n<strong>E-Mail:<\/strong> <a href=\"mailto:info@wuk-gmbh.com\">info@wuk-gmbh.com<\/a><\/p>\n<p>Applications<strong><br \/>\nE-Mail:<\/strong> <a href=\"mailto:bewerbung@wuk-gmbh.com\">bewerbung@wuk-gmbh.com<\/a><\/p>\n<\/div><\/section><br \/>\n<div  class='avia-button-wrap av-li4aafsf-9fb94fb0b07ad3546f70bfef36bf0ca8-wrap avia-button-left  avia-builder-el-4  el_after_av_textblock  avia-builder-el-last '><a href='https:\/\/wuk-gmbh.com\/karriere\/bewerbungsformular\/'  class='avia-button av-li4aafsf-9fb94fb0b07ad3546f70bfef36bf0ca8 av-link-btn avia-icon_select-no avia-size-large avia-position-left avia-color-theme-color'   aria-label=\"Application form\"><span class='avia_iconbox_title' >Application form<\/span><\/a><\/div><\/p><\/div>\n<style type=\"text\/css\" data-created_by=\"avia_inline_auto\" id=\"style-css-av-2plob-e395b75d2fe50bc84aedde1a8eedbcf5\">\n.flex_column.av-2plob-e395b75d2fe50bc84aedde1a8eedbcf5{\nborder-radius:0px 0px 0px 0px;\npadding:0px 0px 0px 0px;\n}\n<\/style>\n<div  class='flex_column av-2plob-e395b75d2fe50bc84aedde1a8eedbcf5 av_one_half  avia-builder-el-5  el_after_av_one_half  avia-builder-el-last  flex_column_div av-animated-generic bottom-to-top av-zero-column-padding  '     ><section  class='av_textblock_section av-27ubn-bfa19a48cc2c2f1144d45774710a4440 '   itemscope=\"itemscope\" itemtype=\"https:\/\/schema.org\/CreativeWork\" ><div class='avia_textblock'  itemprop=\"text\" ><h3><strong>Branch office Chemnitz<\/strong><\/h3>\n<p><span style=\"font-weight: 400;\">Chemnitzer Stra\u00dfe 63 f<br \/>\n<\/span><span style=\"font-weight: 400;\">09247 Chemnitz OT R\u00f6hrsdorf<\/span><\/p>\n<p><strong>Telephone: <\/strong> <span style=\"font-weight: 400;\"><a href=\"tel:+4937225049913\">+49 (0) 3722 \/ 50 49 913<\/a><br \/>\n<\/span><strong>Fax:<\/strong> <span style=\"font-weight: 400;\">+49 (0) 3722 \/ 50 49 915<\/span><\/p>\n<\/div><\/section><br \/>\n\n<style type=\"text\/css\" data-created_by=\"avia_inline_auto\" id=\"style-css-av-1af8j-8a4ec61360882dbe5215fc4c707ceff5\">\n#top .hr.hr-invisible.av-1af8j-8a4ec61360882dbe5215fc4c707ceff5{\nheight:20px;\n}\n<\/style>\n<div  class='hr av-1af8j-8a4ec61360882dbe5215fc4c707ceff5 hr-invisible  avia-builder-el-7  el_after_av_textblock  el_before_av_textblock '><span class='hr-inner '><span class=\"hr-inner-style\"><\/span><\/span><\/div><br \/>\n<section  class='av_textblock_section av-nmxz-9460317dbe66e943caf6b5f68439f15b '   itemscope=\"itemscope\" itemtype=\"https:\/\/schema.org\/CreativeWork\" ><div class='avia_textblock'  itemprop=\"text\" ><h3><\/h3>\n<h3><strong>Branch office Speyer<\/strong><\/h3>\n<p>Auestra\u00dfe 30<br \/>\n67346 Speyer<\/p>\n<p><strong>Telephone: <\/strong> <a href=\"tel:+4962326789002\"><span style=\"font-weight: 400;\">+49 (0) 6232 \/ 67 89 002<\/span><\/a><\/p>\n<\/div><\/section><\/p><\/div><\/p>\n","protected":false},"excerpt":{"rendered":"","protected":false},"author":1,"featured_media":0,"parent":0,"menu_order":5,"comment_status":"closed","ping_status":"closed","template":"","meta":{"footnotes":""},"class_list":["post-796","page","type-page","status-publish","hentry"],"yoast_head":"<!-- This site is optimized with the Yoast SEO plugin v27.5 - https:\/\/yoast.com\/product\/yoast-seo-wordpress\/ -->\n<title>Contact - w&amp;k Elektrotechnik GmbH<\/title>\n<meta name=\"robots\" content=\"index, follow, max-snippet:-1, max-image-preview:large, max-video-preview:-1\" \/>\n<link rel=\"canonical\" href=\"https:\/\/wuk-gmbh.com\/en\/contact\/\" \/>\n<meta property=\"og:locale\" content=\"en_US\" \/>\n<meta property=\"og:type\" content=\"article\" \/>\n<meta property=\"og:title\" content=\"Contact - w&amp;k Elektrotechnik GmbH\" \/>\n<meta property=\"og:url\" content=\"https:\/\/wuk-gmbh.com\/en\/contact\/\" \/>\n<meta property=\"og:site_name\" content=\"w&amp;k Elektrotechnik GmbH\" \/>\n<meta property=\"article:modified_time\" content=\"2023-05-26T08:40:36+00:00\" \/>\n<meta name=\"twitter:card\" content=\"summary_large_image\" \/>\n<meta name=\"twitter:label1\" content=\"Est. reading time\" \/>\n\t<meta name=\"twitter:data1\" content=\"1 minute\" \/>\n<script type=\"application\/ld+json\" class=\"yoast-schema-graph\">{\"@context\":\"https:\\\/\\\/schema.org\",\"@graph\":[{\"@type\":\"WebPage\",\"@id\":\"https:\\\/\\\/wuk-gmbh.com\\\/en\\\/contact\\\/\",\"url\":\"https:\\\/\\\/wuk-gmbh.com\\\/en\\\/contact\\\/\",\"name\":\"Contact - w&amp;k Elektrotechnik GmbH\",\"isPartOf\":{\"@id\":\"https:\\\/\\\/wuk-gmbh.com\\\/en\\\/#website\"},\"datePublished\":\"2019-01-08T17:13:21+00:00\",\"dateModified\":\"2023-05-26T08:40:36+00:00\",\"breadcrumb\":{\"@id\":\"https:\\\/\\\/wuk-gmbh.com\\\/en\\\/contact\\\/#breadcrumb\"},\"inLanguage\":\"en-US\",\"potentialAction\":[{\"@type\":\"ReadAction\",\"target\":[\"https:\\\/\\\/wuk-gmbh.com\\\/en\\\/contact\\\/\"]}]},{\"@type\":\"BreadcrumbList\",\"@id\":\"https:\\\/\\\/wuk-gmbh.com\\\/en\\\/contact\\\/#breadcrumb\",\"itemListElement\":[{\"@type\":\"ListItem\",\"position\":1,\"name\":\"Startseite\",\"item\":\"https:\\\/\\\/wuk-gmbh.com\\\/en\\\/\"},{\"@type\":\"ListItem\",\"position\":2,\"name\":\"Contact\"}]},{\"@type\":\"WebSite\",\"@id\":\"https:\\\/\\\/wuk-gmbh.com\\\/en\\\/#website\",\"url\":\"https:\\\/\\\/wuk-gmbh.com\\\/en\\\/\",\"name\":\"w&amp;k Elektrotechnik GmbH\",\"description\":\"Unser Unternehmen produziert Niederspannungsschaltger\u00e4tekombinationen sowie Steuerschr\u00e4nke f\u00fcr die Automatisierungstechnik\\\/MSR-Technik.\",\"potentialAction\":[{\"@type\":\"SearchAction\",\"target\":{\"@type\":\"EntryPoint\",\"urlTemplate\":\"https:\\\/\\\/wuk-gmbh.com\\\/en\\\/?s={search_term_string}\"},\"query-input\":{\"@type\":\"PropertyValueSpecification\",\"valueRequired\":true,\"valueName\":\"search_term_string\"}}],\"inLanguage\":\"en-US\"}]}<\/script>\n<!-- \/ Yoast SEO plugin. -->","yoast_head_json":{"title":"Contact - w&amp;k Elektrotechnik GmbH","robots":{"index":"index","follow":"follow","max-snippet":"max-snippet:-1","max-image-preview":"max-image-preview:large","max-video-preview":"max-video-preview:-1"},"canonical":"https:\/\/wuk-gmbh.com\/en\/contact\/","og_locale":"en_US","og_type":"article","og_title":"Contact - w&amp;k Elektrotechnik GmbH","og_url":"https:\/\/wuk-gmbh.com\/en\/contact\/","og_site_name":"w&amp;k Elektrotechnik GmbH","article_modified_time":"2023-05-26T08:40:36+00:00","twitter_card":"summary_large_image","twitter_misc":{"Est. reading time":"1 minute"},"schema":{"@context":"https:\/\/schema.org","@graph":[{"@type":"WebPage","@id":"https:\/\/wuk-gmbh.com\/en\/contact\/","url":"https:\/\/wuk-gmbh.com\/en\/contact\/","name":"Contact - w&amp;k Elektrotechnik GmbH","isPartOf":{"@id":"https:\/\/wuk-gmbh.com\/en\/#website"},"datePublished":"2019-01-08T17:13:21+00:00","dateModified":"2023-05-26T08:40:36+00:00","breadcrumb":{"@id":"https:\/\/wuk-gmbh.com\/en\/contact\/#breadcrumb"},"inLanguage":"en-US","potentialAction":[{"@type":"ReadAction","target":["https:\/\/wuk-gmbh.com\/en\/contact\/"]}]},{"@type":"BreadcrumbList","@id":"https:\/\/wuk-gmbh.com\/en\/contact\/#breadcrumb","itemListElement":[{"@type":"ListItem","position":1,"name":"Startseite","item":"https:\/\/wuk-gmbh.com\/en\/"},{"@type":"ListItem","position":2,"name":"Contact"}]},{"@type":"WebSite","@id":"https:\/\/wuk-gmbh.com\/en\/#website","url":"https:\/\/wuk-gmbh.com\/en\/","name":"w&amp;k Elektrotechnik GmbH","description":"Unser Unternehmen produziert Niederspannungsschaltger\u00e4tekombinationen sowie Steuerschr\u00e4nke f\u00fcr die Automatisierungstechnik\/MSR-Technik.","potentialAction":[{"@type":"SearchAction","target":{"@type":"EntryPoint","urlTemplate":"https:\/\/wuk-gmbh.com\/en\/?s={search_term_string}"},"query-input":{"@type":"PropertyValueSpecification","valueRequired":true,"valueName":"search_term_string"}}],"inLanguage":"en-US"}]}},"_links":{"self":[{"href":"https:\/\/wuk-gmbh.com\/en\/wp-json\/wp\/v2\/pages\/796","targetHints":{"allow":["GET"]}}],"collection":[{"href":"https:\/\/wuk-gmbh.com\/en\/wp-json\/wp\/v2\/pages"}],"about":[{"href":"https:\/\/wuk-gmbh.com\/en\/wp-json\/wp\/v2\/types\/page"}],"author":[{"embeddable":true,"href":"https:\/\/wuk-gmbh.com\/en\/wp-json\/wp\/v2\/users\/1"}],"replies":[{"embeddable":true,"href":"https:\/\/wuk-gmbh.com\/en\/wp-json\/wp\/v2\/comments?post=796"}],"version-history":[{"count":16,"href":"https:\/\/wuk-gmbh.com\/en\/wp-json\/wp\/v2\/pages\/796\/revisions"}],"predecessor-version":[{"id":1193,"href":"https:\/\/wuk-gmbh.com\/en\/wp-json\/wp\/v2\/pages\/796\/revisions\/1193"}],"wp:attachment":[{"href":"https:\/\/wuk-gmbh.com\/en\/wp-json\/wp\/v2\/media?parent=796"}],"curies":[{"name":"wp","href":"https:\/\/api.w.org\/{rel}","templated":true}]}}