{"id":749,"date":"2019-01-08T13:50:02","date_gmt":"2019-01-08T13:50:02","guid":{"rendered":"https:\/\/wuk-gmbh.com\/?page_id=749"},"modified":"2023-06-08T17:13:46","modified_gmt":"2023-06-08T16:13:46","slug":"dual-study","status":"publish","type":"page","link":"https:\/\/wuk-gmbh.com\/en\/career\/dual-study\/","title":{"rendered":"Dual Study"},"content":{"rendered":"\n<style type=\"text\/css\" data-created_by=\"avia_inline_auto\" id=\"style-css-av-1glon9-877441de4e84dfe5f7303158a917e6b1\">\n.avia-section.av-1glon9-877441de4e84dfe5f7303158a917e6b1{\nbackground-repeat:no-repeat;\nbackground-image:url(https:\/\/wuk-gmbh.com\/wp-content\/uploads\/2018\/12\/Header-2-1030x687.jpg);\nbackground-position:50% 50%;\nbackground-attachment:fixed;\n}\n.avia-section.av-1glon9-877441de4e84dfe5f7303158a917e6b1 .av-section-color-overlay{\nopacity:0.6;\nbackground-color:#0a0a0a;\n}\n<\/style>\n<div id='av_section_1'  class='avia-section av-1glon9-877441de4e84dfe5f7303158a917e6b1 main_color avia-section-large avia-no-border-styling  avia-builder-el-0  el_before_av_section  avia-builder-el-first  avia-full-stretch avia-bg-style-fixed av-section-color-overlay-active av-minimum-height av-minimum-height-50 av-height-50  container_wrap sidebar_right'  data-section-bg-repeat='stretch' data-av_minimum_height_pc='50' data-av_min_height_opt='50'><div class=\"av-section-color-overlay-wrap\"><div class=\"av-section-color-overlay\"><\/div><div class='container av-section-cont-open' ><main  role=\"main\" itemprop=\"mainContentOfPage\"  class='template-page content  av-content-small alpha units'><div class='post-entry post-entry-type-page post-entry-749'><div class='entry-content-wrapper clearfix'>\n\n<style type=\"text\/css\" data-created_by=\"avia_inline_auto\" id=\"style-css-av-18sdbx-fcca465b2402509e79d6d55269e88ac7\">\n#top .av-special-heading.av-18sdbx-fcca465b2402509e79d6d55269e88ac7{\npadding-bottom:0;\ncolor:#ffffff;\nfont-size:50px;\n}\nbody .av-special-heading.av-18sdbx-fcca465b2402509e79d6d55269e88ac7 .av-special-heading-tag .heading-char{\nfont-size:25px;\n}\n#top #wrap_all .av-special-heading.av-18sdbx-fcca465b2402509e79d6d55269e88ac7 .av-special-heading-tag{\nfont-size:50px;\n}\n.av-special-heading.av-18sdbx-fcca465b2402509e79d6d55269e88ac7 .special-heading-inner-border{\nborder-color:#ffffff;\n}\n.av-special-heading.av-18sdbx-fcca465b2402509e79d6d55269e88ac7 .av-subheading{\nfont-size:15px;\n}\n\n@media only screen and (min-width: 480px) and (max-width: 767px){ \n#top #wrap_all .av-special-heading.av-18sdbx-fcca465b2402509e79d6d55269e88ac7 .av-special-heading-tag{\nfont-size:50px;\n}\n}\n\n@media only screen and (max-width: 479px){ \n#top #wrap_all .av-special-heading.av-18sdbx-fcca465b2402509e79d6d55269e88ac7 .av-special-heading-tag{\nfont-size:40px;\n}\n}\n<\/style>\n<div  class='av-special-heading av-18sdbx-fcca465b2402509e79d6d55269e88ac7 av-special-heading-h1 custom-color-heading blockquote modern-quote  avia-builder-el-1  avia-builder-el-no-sibling  av-thin-font av-inherit-size'><h1 class='av-special-heading-tag '  itemprop=\"headline\"  ><strong>Smart careers in handcraft<\/strong><\/h1><div class=\"special-heading-border\"><div class=\"special-heading-inner-border\"><\/div><\/div><\/div>\n\n<\/div><\/div><\/main><!-- close content main element --><\/div><\/div><\/div>\n<style type=\"text\/css\" data-created_by=\"avia_inline_auto\" id=\"style-css-av-13nm3h-d7948c49c544bdbc4729d7656ca3b375\">\n.avia-section.av-13nm3h-d7948c49c544bdbc4729d7656ca3b375{\nbackground-color:#fcfcfc;\nbackground-image:unset;\n}\n<\/style>\n<div id='av_section_2'  class='avia-section av-13nm3h-d7948c49c544bdbc4729d7656ca3b375 main_color avia-section-large avia-no-shadow  avia-builder-el-2  el_after_av_section  avia-builder-el-last  avia-bg-style-scroll container_wrap sidebar_right'  ><div class='container av-section-cont-open' ><div class='template-page content  av-content-small alpha units'><div class='post-entry post-entry-type-page post-entry-749'><div class='entry-content-wrapper clearfix'>\n\n<style type=\"text\/css\" data-created_by=\"avia_inline_auto\" id=\"style-css-av-vm065-a8f0e4a85d46791cb69ba8d4c13b1865\">\n.flex_column.av-vm065-a8f0e4a85d46791cb69ba8d4c13b1865{\nborder-radius:0px 0px 0px 0px;\npadding:20px 20px 20px 20px;\n}\n<\/style>\n<div  class='flex_column av-vm065-a8f0e4a85d46791cb69ba8d4c13b1865 av_one_half  avia-builder-el-3  el_before_av_one_half  avia-builder-el-first  first flex_column_div av-animated-generic bottom-to-top  '     ><section  class='av_textblock_section av-op8x9-ee8f21d33a6c34566086309ad23c41fc '   itemscope=\"itemscope\" itemtype=\"https:\/\/schema.org\/CreativeWork\" ><div class='avia_textblock'  itemprop=\"text\" ><h2>Dual Study<\/h2>\n<p class=\"p1\"><span class=\"s1\">w&amp;k Elektrotechnik GmbH offers interested individuals the opportunity to complete a dual degree course. We are in cooperation with the State University in Gera-Eisenach as well as with the University of Applied Sciences Zittau\/Goerlitz. \u201cDual Study\u201d is characterized by the fact that the theory phases alternate with the practical semesters. During the practical semester, you would have been found working as a member of our company, as well as required to write a seminar paper on a specific topic that we would have selected together. After graduation you will receive the academic degree of Bachelor or an alternate Diploma. During a dual study at the University of Applied Sciences Zittau\/Goerlitz, you can simultaneously achieve dual vocational qualifications (training as an electronics technician for energy as well as for building technology).<\/span><\/p>\n<\/div><\/section><br \/>\n\n<style type=\"text\/css\" data-created_by=\"avia_inline_auto\" id=\"style-css-av-linc8b0o-f4932d34fb8f882d53a211f41ac352f7\">\n.avia-buttonrow-wrap.av-linc8b0o-f4932d34fb8f882d53a211f41ac352f7 .avia-button{\nfont-size:18px;\n}\n<\/style>\n<div  class='avia-buttonrow-wrap av-linc8b0o-f4932d34fb8f882d53a211f41ac352f7 avia-buttonrow-left  avia-builder-el-5  el_after_av_textblock  avia-builder-el-last '>\n\n<style type=\"text\/css\" data-created_by=\"avia_inline_auto\" id=\"style-css-av-linc7s2s-60276b0e18148b7fbfb1e1c6fd2531da\">\n#top #wrap_all .avia-button.av-linc7s2s-60276b0e18148b7fbfb1e1c6fd2531da{\nmargin-bottom:5px;\nmargin-right:5px;\n}\n<\/style>\n<a href='https:\/\/wuk-gmbh.com\/en\/contact\/'  class='avia-button av-linc7s2s-60276b0e18148b7fbfb1e1c6fd2531da avia-icon_select-yes-left-icon avia-size-large avia-color-theme-color'   aria-label=\"Contact\"><span class='avia_button_icon avia_button_icon_left avia-iconfont avia-font-entypo-fontello' data-av_icon='\ue805' data-av_iconfont='entypo-fontello' ><\/span><span class='avia_iconbox_title' >Contact<\/span><\/a>\n\n<style type=\"text\/css\" data-created_by=\"avia_inline_auto\" id=\"style-css-av-linc89xs-848e9870387236f425087edc6517867f\">\n#top #wrap_all .avia-button.av-linc89xs-848e9870387236f425087edc6517867f{\nmargin-bottom:5px;\nmargin-right:5px;\n}\n<\/style>\n<a href='https:\/\/wuk-gmbh.com\/en\/career\/application-form\/'  class='avia-button av-linc89xs-848e9870387236f425087edc6517867f avia-icon_select-no avia-size-large avia-color-theme-color'   aria-label=\"Application form\"><span class='avia_iconbox_title' >Application form<\/span><\/a>\n<\/div><\/p><\/div>\n<style type=\"text\/css\" data-created_by=\"avia_inline_auto\" id=\"style-css-av-dcd0l-f76235fb97b263d9eed18df2034a7d5e\">\n.flex_column.av-dcd0l-f76235fb97b263d9eed18df2034a7d5e{\nborder-radius:0px 0px 0px 0px;\npadding:20px 20px 20px 20px;\n}\n<\/style>\n<div  class='flex_column av-dcd0l-f76235fb97b263d9eed18df2034a7d5e av_one_half  avia-builder-el-6  el_after_av_one_half  avia-builder-el-last  flex_column_div av-animated-generic bottom-to-top  '     ><section  class='av_textblock_section av-bs53h-19ddc5c54bc12b761656b2ef66c49471 '   itemscope=\"itemscope\" itemtype=\"https:\/\/schema.org\/CreativeWork\" ><div class='avia_textblock'  itemprop=\"text\" ><blockquote>\n<p class=\"p1\"><span class=\"s1\">&#8220;Electrical engineering is a challenging course of study that is very interesting and useful in life. Throughout the entire study period, professors and lecturers convey the content of the course in a comprehensible manner and gladly take time to answer any questions and problems. At the company w&amp;k, I was able to apply the knowledge and see what lies behind the theory. Many lectures have a practical relevance as well.&#8221;<\/span><\/p>\n<p class=\"p1\"><strong><span class=\"s1\">[Florian, 5th semester, HS Zittau \/ Goerlitz]<\/span><\/strong><\/p>\n<\/blockquote>\n<\/div><\/section><\/div><\/div><\/div><\/div><!-- close content main div --><\/div><\/div><div id='after_section_2'  class='main_color av_default_container_wrap container_wrap sidebar_right'  ><div class='container av-section-cont-open' ><div class='template-page content  av-content-small alpha units'><div class='post-entry post-entry-type-page post-entry-749'><div class='entry-content-wrapper clearfix'>\n","protected":false},"excerpt":{"rendered":"","protected":false},"author":1,"featured_media":0,"parent":736,"menu_order":4,"comment_status":"closed","ping_status":"closed","template":"","meta":{"footnotes":""},"class_list":["post-749","page","type-page","status-publish","hentry"],"yoast_head":"<!-- This site is optimized with the Yoast SEO plugin v27.5 - https:\/\/yoast.com\/product\/yoast-seo-wordpress\/ -->\n<title>Dual Study - w&amp;k Elektrotechnik GmbH<\/title>\n<meta name=\"robots\" content=\"index, follow, max-snippet:-1, max-image-preview:large, max-video-preview:-1\" \/>\n<link rel=\"canonical\" href=\"https:\/\/wuk-gmbh.com\/en\/career\/dual-study\/\" \/>\n<meta property=\"og:locale\" content=\"en_US\" \/>\n<meta property=\"og:type\" content=\"article\" \/>\n<meta property=\"og:title\" content=\"Dual Study - w&amp;k Elektrotechnik GmbH\" \/>\n<meta property=\"og:url\" content=\"https:\/\/wuk-gmbh.com\/en\/career\/dual-study\/\" \/>\n<meta property=\"og:site_name\" content=\"w&amp;k Elektrotechnik GmbH\" \/>\n<meta property=\"article:modified_time\" content=\"2023-06-08T16:13:46+00:00\" \/>\n<meta name=\"twitter:card\" content=\"summary_large_image\" \/>\n<meta name=\"twitter:label1\" content=\"Est. reading time\" \/>\n\t<meta name=\"twitter:data1\" content=\"3 minutes\" \/>\n<script type=\"application\/ld+json\" class=\"yoast-schema-graph\">{\"@context\":\"https:\\\/\\\/schema.org\",\"@graph\":[{\"@type\":\"WebPage\",\"@id\":\"https:\\\/\\\/wuk-gmbh.com\\\/en\\\/career\\\/dual-study\\\/\",\"url\":\"https:\\\/\\\/wuk-gmbh.com\\\/en\\\/career\\\/dual-study\\\/\",\"name\":\"Dual Study - w&amp;k Elektrotechnik GmbH\",\"isPartOf\":{\"@id\":\"https:\\\/\\\/wuk-gmbh.com\\\/en\\\/#website\"},\"datePublished\":\"2019-01-08T13:50:02+00:00\",\"dateModified\":\"2023-06-08T16:13:46+00:00\",\"breadcrumb\":{\"@id\":\"https:\\\/\\\/wuk-gmbh.com\\\/en\\\/career\\\/dual-study\\\/#breadcrumb\"},\"inLanguage\":\"en-US\",\"potentialAction\":[{\"@type\":\"ReadAction\",\"target\":[\"https:\\\/\\\/wuk-gmbh.com\\\/en\\\/career\\\/dual-study\\\/\"]}]},{\"@type\":\"BreadcrumbList\",\"@id\":\"https:\\\/\\\/wuk-gmbh.com\\\/en\\\/career\\\/dual-study\\\/#breadcrumb\",\"itemListElement\":[{\"@type\":\"ListItem\",\"position\":1,\"name\":\"Startseite\",\"item\":\"https:\\\/\\\/wuk-gmbh.com\\\/en\\\/\"},{\"@type\":\"ListItem\",\"position\":2,\"name\":\"Career\",\"item\":\"https:\\\/\\\/wuk-gmbh.com\\\/en\\\/career\\\/\"},{\"@type\":\"ListItem\",\"position\":3,\"name\":\"Dual Study\"}]},{\"@type\":\"WebSite\",\"@id\":\"https:\\\/\\\/wuk-gmbh.com\\\/en\\\/#website\",\"url\":\"https:\\\/\\\/wuk-gmbh.com\\\/en\\\/\",\"name\":\"w&amp;k Elektrotechnik GmbH\",\"description\":\"Unser Unternehmen produziert Niederspannungsschaltger\u00e4tekombinationen sowie Steuerschr\u00e4nke f\u00fcr die Automatisierungstechnik\\\/MSR-Technik.\",\"potentialAction\":[{\"@type\":\"SearchAction\",\"target\":{\"@type\":\"EntryPoint\",\"urlTemplate\":\"https:\\\/\\\/wuk-gmbh.com\\\/en\\\/?s={search_term_string}\"},\"query-input\":{\"@type\":\"PropertyValueSpecification\",\"valueRequired\":true,\"valueName\":\"search_term_string\"}}],\"inLanguage\":\"en-US\"}]}<\/script>\n<!-- \/ Yoast SEO plugin. -->","yoast_head_json":{"title":"Dual Study - w&amp;k Elektrotechnik GmbH","robots":{"index":"index","follow":"follow","max-snippet":"max-snippet:-1","max-image-preview":"max-image-preview:large","max-video-preview":"max-video-preview:-1"},"canonical":"https:\/\/wuk-gmbh.com\/en\/career\/dual-study\/","og_locale":"en_US","og_type":"article","og_title":"Dual Study - w&amp;k Elektrotechnik GmbH","og_url":"https:\/\/wuk-gmbh.com\/en\/career\/dual-study\/","og_site_name":"w&amp;k Elektrotechnik GmbH","article_modified_time":"2023-06-08T16:13:46+00:00","twitter_card":"summary_large_image","twitter_misc":{"Est. reading time":"3 minutes"},"schema":{"@context":"https:\/\/schema.org","@graph":[{"@type":"WebPage","@id":"https:\/\/wuk-gmbh.com\/en\/career\/dual-study\/","url":"https:\/\/wuk-gmbh.com\/en\/career\/dual-study\/","name":"Dual Study - w&amp;k Elektrotechnik GmbH","isPartOf":{"@id":"https:\/\/wuk-gmbh.com\/en\/#website"},"datePublished":"2019-01-08T13:50:02+00:00","dateModified":"2023-06-08T16:13:46+00:00","breadcrumb":{"@id":"https:\/\/wuk-gmbh.com\/en\/career\/dual-study\/#breadcrumb"},"inLanguage":"en-US","potentialAction":[{"@type":"ReadAction","target":["https:\/\/wuk-gmbh.com\/en\/career\/dual-study\/"]}]},{"@type":"BreadcrumbList","@id":"https:\/\/wuk-gmbh.com\/en\/career\/dual-study\/#breadcrumb","itemListElement":[{"@type":"ListItem","position":1,"name":"Startseite","item":"https:\/\/wuk-gmbh.com\/en\/"},{"@type":"ListItem","position":2,"name":"Career","item":"https:\/\/wuk-gmbh.com\/en\/career\/"},{"@type":"ListItem","position":3,"name":"Dual Study"}]},{"@type":"WebSite","@id":"https:\/\/wuk-gmbh.com\/en\/#website","url":"https:\/\/wuk-gmbh.com\/en\/","name":"w&amp;k Elektrotechnik GmbH","description":"Unser Unternehmen produziert Niederspannungsschaltger\u00e4tekombinationen sowie Steuerschr\u00e4nke f\u00fcr die Automatisierungstechnik\/MSR-Technik.","potentialAction":[{"@type":"SearchAction","target":{"@type":"EntryPoint","urlTemplate":"https:\/\/wuk-gmbh.com\/en\/?s={search_term_string}"},"query-input":{"@type":"PropertyValueSpecification","valueRequired":true,"valueName":"search_term_string"}}],"inLanguage":"en-US"}]}},"_links":{"self":[{"href":"https:\/\/wuk-gmbh.com\/en\/wp-json\/wp\/v2\/pages\/749","targetHints":{"allow":["GET"]}}],"collection":[{"href":"https:\/\/wuk-gmbh.com\/en\/wp-json\/wp\/v2\/pages"}],"about":[{"href":"https:\/\/wuk-gmbh.com\/en\/wp-json\/wp\/v2\/types\/page"}],"author":[{"embeddable":true,"href":"https:\/\/wuk-gmbh.com\/en\/wp-json\/wp\/v2\/users\/1"}],"replies":[{"embeddable":true,"href":"https:\/\/wuk-gmbh.com\/en\/wp-json\/wp\/v2\/comments?post=749"}],"version-history":[{"count":8,"href":"https:\/\/wuk-gmbh.com\/en\/wp-json\/wp\/v2\/pages\/749\/revisions"}],"predecessor-version":[{"id":894,"href":"https:\/\/wuk-gmbh.com\/en\/wp-json\/wp\/v2\/pages\/749\/revisions\/894"}],"up":[{"embeddable":true,"href":"https:\/\/wuk-gmbh.com\/en\/wp-json\/wp\/v2\/pages\/736"}],"wp:attachment":[{"href":"https:\/\/wuk-gmbh.com\/en\/wp-json\/wp\/v2\/media?parent=749"}],"curies":[{"name":"wp","href":"https:\/\/api.w.org\/{rel}","templated":true}]}}