{"id":1622,"date":"2025-05-31T21:42:24","date_gmt":"2025-05-31T20:42:24","guid":{"rendered":"https:\/\/wuk-gmbh.com\/?page_id=1622"},"modified":"2025-06-01T08:57:09","modified_gmt":"2025-06-01T07:57:09","slug":"erklaerung-zur-barrierefreiheit","status":"publish","type":"page","link":"https:\/\/wuk-gmbh.com\/en\/erklaerung-zur-barrierefreiheit\/","title":{"rendered":"Accessibility Statement"},"content":{"rendered":"\n<style type=\"text\/css\" data-created_by=\"avia_inline_auto\" id=\"style-css-av-dw0c4-e246b33f5d2da5f16fb499d6a2d2cae0\">\n.flex_column.av-dw0c4-e246b33f5d2da5f16fb499d6a2d2cae0{\nborder-radius:0px 0px 0px 0px;\npadding:0px 0px 0px 0px;\n}\n<\/style>\n<div  class='flex_column av-dw0c4-e246b33f5d2da5f16fb499d6a2d2cae0 av_two_third  avia-builder-el-0  avia-builder-el-no-sibling  first flex_column_div av-zero-column-padding  '     ><section  class='av_textblock_section av-8drrg-4176d8c7e214582a3f77aef0eca90163 '   itemscope=\"itemscope\" itemtype=\"https:\/\/schema.org\/CreativeWork\" ><div class='avia_textblock'  itemprop=\"text\" ><h2 class=\"MuiTypography-root MuiTypography-subtitle2 eui-1s4agrm\">Accessibility Statement<\/h2>\n<section class=\"av_textblock_section av-mbcmzxhf-dea309931a9c18ec71462cfe7f64a126 \">\n<div class=\"avia_textblock\">\n<div class=\"MuiBox-root eui-jvp67g\">\n<p class=\"MuiTypography-root MuiTypography-body2 eui-tf137o\"><strong class=\"MuiTypography-root MuiTypography-subtitle2 eui-1onzmb1\">w&amp;k Elektrotechnik GmbH<\/strong> is committed to ensuring digital accessibility for people with disabilities. We are continually improving the user experience for everyone and applying the relevant accessibility standards.<\/p>\n<p class=\"MuiTypography-root MuiTypography-subtitle2 eui-1onzmb1\"><em><strong>Conformance status<\/strong><\/em><\/p>\n<p class=\"MuiTypography-root MuiTypography-body2 eui-tf137o\">The Web Content Accessibility Guidelines (WCAG) defines requirements for designers and developers to improve accessibility for people with disabilities. It defines three levels of conformance: Level A, Level AA, and Level AAA.<\/p>\n<p class=\"MuiTypography-root MuiTypography-body2 eui-tf137o\"><strong class=\"MuiTypography-root MuiTypography-subtitle2 eui-1onzmb1\">w&amp;k Elektrotechnik GmbH<\/strong> is making constant efforts to improve the accessibility of its site and services in the belief that it is our collective moral obligation to allow seamless, accessible, and unhindered use for those of us with disabilities.<\/p>\n<p class=\"MuiTypography-root MuiTypography-body2 eui-tf137o\">We aim to make all pages and content on <strong class=\"MuiTypography-root MuiTypography-subtitle2 eui-1onzmb1\">https:\/\/www.wuk-gmbh.com<\/strong> accessible, but some content may not yet fully meet the highest accessibility standards. This could be due to challenges in identifying the most suitable technological solution.<\/p>\n<p class=\"MuiTypography-root MuiTypography-body2 eui-tf137o\">We may revise this Statement periodically to reflect improvements or changes to our accessibility practices.<\/p>\n<p class=\"MuiTypography-root MuiTypography-subtitle2 eui-1onzmb1\"><em><strong>Feedback<\/strong><\/em><\/p>\n<p class=\"MuiTypography-root MuiTypography-body2 eui-tf137o\">We welcome your feedback on the accessibility of <strong class=\"MuiTypography-root MuiTypography-subtitle2 eui-1onzmb1\">w&amp;k Elektrotechnik GmbH<\/strong> website. Please let us know if you encounter accessibility barriers on our website:<\/p>\n<p class=\"MuiTypography-root MuiTypography-body2 eui-tf137o\">E-mail: <strong class=\"MuiTypography-root MuiTypography-subtitle2 eui-1onzmb1\">info@wuk-gmbh.com<\/strong><\/p>\n<p class=\"MuiTypography-root MuiTypography-body2 eui-tf137o\">We try to respond to feedback within 3\u20135 business days.<\/p>\n<p class=\"MuiTypography-root MuiTypography-body2 eui-tf137o\">This statement was created on 31.5.2025.<\/p>\n<\/div>\n<\/div>\n<\/section>\n<\/div><\/section><\/div>\n","protected":false},"excerpt":{"rendered":"","protected":false},"author":1,"featured_media":0,"parent":0,"menu_order":0,"comment_status":"closed","ping_status":"closed","template":"","meta":{"footnotes":""},"class_list":["post-1622","page","type-page","status-publish","hentry"],"yoast_head":"<!-- This site is optimized with the Yoast SEO plugin v27.5 - https:\/\/yoast.com\/product\/yoast-seo-wordpress\/ -->\n<title>Accessibility Statement - w&amp;k Elektrotechnik GmbH<\/title>\n<meta name=\"robots\" content=\"index, follow, max-snippet:-1, max-image-preview:large, max-video-preview:-1\" \/>\n<link rel=\"canonical\" href=\"https:\/\/wuk-gmbh.com\/en\/erklaerung-zur-barrierefreiheit\/\" \/>\n<meta property=\"og:locale\" content=\"en_US\" \/>\n<meta property=\"og:type\" content=\"article\" \/>\n<meta property=\"og:title\" content=\"Accessibility Statement - w&amp;k Elektrotechnik GmbH\" \/>\n<meta property=\"og:url\" content=\"https:\/\/wuk-gmbh.com\/en\/erklaerung-zur-barrierefreiheit\/\" \/>\n<meta property=\"og:site_name\" content=\"w&amp;k Elektrotechnik GmbH\" \/>\n<meta property=\"article:modified_time\" content=\"2025-06-01T07:57:09+00:00\" \/>\n<meta name=\"twitter:card\" content=\"summary_large_image\" \/>\n<meta name=\"twitter:label1\" content=\"Est. reading time\" \/>\n\t<meta name=\"twitter:data1\" content=\"2 minutes\" \/>\n<script type=\"application\/ld+json\" class=\"yoast-schema-graph\">{\"@context\":\"https:\\\/\\\/schema.org\",\"@graph\":[{\"@type\":\"WebPage\",\"@id\":\"https:\\\/\\\/wuk-gmbh.com\\\/en\\\/erklaerung-zur-barrierefreiheit\\\/\",\"url\":\"https:\\\/\\\/wuk-gmbh.com\\\/en\\\/erklaerung-zur-barrierefreiheit\\\/\",\"name\":\"Accessibility Statement - w&amp;k Elektrotechnik GmbH\",\"isPartOf\":{\"@id\":\"https:\\\/\\\/wuk-gmbh.com\\\/en\\\/#website\"},\"datePublished\":\"2025-05-31T20:42:24+00:00\",\"dateModified\":\"2025-06-01T07:57:09+00:00\",\"breadcrumb\":{\"@id\":\"https:\\\/\\\/wuk-gmbh.com\\\/en\\\/erklaerung-zur-barrierefreiheit\\\/#breadcrumb\"},\"inLanguage\":\"en-US\",\"potentialAction\":[{\"@type\":\"ReadAction\",\"target\":[\"https:\\\/\\\/wuk-gmbh.com\\\/en\\\/erklaerung-zur-barrierefreiheit\\\/\"]}]},{\"@type\":\"BreadcrumbList\",\"@id\":\"https:\\\/\\\/wuk-gmbh.com\\\/en\\\/erklaerung-zur-barrierefreiheit\\\/#breadcrumb\",\"itemListElement\":[{\"@type\":\"ListItem\",\"position\":1,\"name\":\"Startseite\",\"item\":\"https:\\\/\\\/wuk-gmbh.com\\\/en\\\/\"},{\"@type\":\"ListItem\",\"position\":2,\"name\":\"Accessibility Statement\"}]},{\"@type\":\"WebSite\",\"@id\":\"https:\\\/\\\/wuk-gmbh.com\\\/en\\\/#website\",\"url\":\"https:\\\/\\\/wuk-gmbh.com\\\/en\\\/\",\"name\":\"w&amp;k Elektrotechnik GmbH\",\"description\":\"Unser Unternehmen produziert Niederspannungsschaltger\u00e4tekombinationen sowie Steuerschr\u00e4nke f\u00fcr die Automatisierungstechnik\\\/MSR-Technik.\",\"potentialAction\":[{\"@type\":\"SearchAction\",\"target\":{\"@type\":\"EntryPoint\",\"urlTemplate\":\"https:\\\/\\\/wuk-gmbh.com\\\/en\\\/?s={search_term_string}\"},\"query-input\":{\"@type\":\"PropertyValueSpecification\",\"valueRequired\":true,\"valueName\":\"search_term_string\"}}],\"inLanguage\":\"en-US\"}]}<\/script>\n<!-- \/ Yoast SEO plugin. -->","yoast_head_json":{"title":"Accessibility Statement - w&amp;k Elektrotechnik GmbH","robots":{"index":"index","follow":"follow","max-snippet":"max-snippet:-1","max-image-preview":"max-image-preview:large","max-video-preview":"max-video-preview:-1"},"canonical":"https:\/\/wuk-gmbh.com\/en\/erklaerung-zur-barrierefreiheit\/","og_locale":"en_US","og_type":"article","og_title":"Accessibility Statement - w&amp;k Elektrotechnik GmbH","og_url":"https:\/\/wuk-gmbh.com\/en\/erklaerung-zur-barrierefreiheit\/","og_site_name":"w&amp;k Elektrotechnik GmbH","article_modified_time":"2025-06-01T07:57:09+00:00","twitter_card":"summary_large_image","twitter_misc":{"Est. reading time":"2 minutes"},"schema":{"@context":"https:\/\/schema.org","@graph":[{"@type":"WebPage","@id":"https:\/\/wuk-gmbh.com\/en\/erklaerung-zur-barrierefreiheit\/","url":"https:\/\/wuk-gmbh.com\/en\/erklaerung-zur-barrierefreiheit\/","name":"Accessibility Statement - w&amp;k Elektrotechnik GmbH","isPartOf":{"@id":"https:\/\/wuk-gmbh.com\/en\/#website"},"datePublished":"2025-05-31T20:42:24+00:00","dateModified":"2025-06-01T07:57:09+00:00","breadcrumb":{"@id":"https:\/\/wuk-gmbh.com\/en\/erklaerung-zur-barrierefreiheit\/#breadcrumb"},"inLanguage":"en-US","potentialAction":[{"@type":"ReadAction","target":["https:\/\/wuk-gmbh.com\/en\/erklaerung-zur-barrierefreiheit\/"]}]},{"@type":"BreadcrumbList","@id":"https:\/\/wuk-gmbh.com\/en\/erklaerung-zur-barrierefreiheit\/#breadcrumb","itemListElement":[{"@type":"ListItem","position":1,"name":"Startseite","item":"https:\/\/wuk-gmbh.com\/en\/"},{"@type":"ListItem","position":2,"name":"Accessibility Statement"}]},{"@type":"WebSite","@id":"https:\/\/wuk-gmbh.com\/en\/#website","url":"https:\/\/wuk-gmbh.com\/en\/","name":"w&amp;k Elektrotechnik GmbH","description":"Unser Unternehmen produziert Niederspannungsschaltger\u00e4tekombinationen sowie Steuerschr\u00e4nke f\u00fcr die Automatisierungstechnik\/MSR-Technik.","potentialAction":[{"@type":"SearchAction","target":{"@type":"EntryPoint","urlTemplate":"https:\/\/wuk-gmbh.com\/en\/?s={search_term_string}"},"query-input":{"@type":"PropertyValueSpecification","valueRequired":true,"valueName":"search_term_string"}}],"inLanguage":"en-US"}]}},"_links":{"self":[{"href":"https:\/\/wuk-gmbh.com\/en\/wp-json\/wp\/v2\/pages\/1622","targetHints":{"allow":["GET"]}}],"collection":[{"href":"https:\/\/wuk-gmbh.com\/en\/wp-json\/wp\/v2\/pages"}],"about":[{"href":"https:\/\/wuk-gmbh.com\/en\/wp-json\/wp\/v2\/types\/page"}],"author":[{"embeddable":true,"href":"https:\/\/wuk-gmbh.com\/en\/wp-json\/wp\/v2\/users\/1"}],"replies":[{"embeddable":true,"href":"https:\/\/wuk-gmbh.com\/en\/wp-json\/wp\/v2\/comments?post=1622"}],"version-history":[{"count":3,"href":"https:\/\/wuk-gmbh.com\/en\/wp-json\/wp\/v2\/pages\/1622\/revisions"}],"predecessor-version":[{"id":1631,"href":"https:\/\/wuk-gmbh.com\/en\/wp-json\/wp\/v2\/pages\/1622\/revisions\/1631"}],"wp:attachment":[{"href":"https:\/\/wuk-gmbh.com\/en\/wp-json\/wp\/v2\/media?parent=1622"}],"curies":[{"name":"wp","href":"https:\/\/api.w.org\/{rel}","templated":true}]}}