{"id":1425,"date":"2024-04-12T22:47:41","date_gmt":"2024-04-12T21:47:41","guid":{"rendered":"https:\/\/wuk-gmbh.com\/?page_id=1425"},"modified":"2024-04-12T23:07:34","modified_gmt":"2024-04-12T22:07:34","slug":"privacy-policy","status":"publish","type":"page","link":"https:\/\/wuk-gmbh.com\/en\/privacy-policy\/","title":{"rendered":"Privacy policy"},"content":{"rendered":"\n<style type=\"text\/css\" data-created_by=\"avia_inline_auto\" id=\"style-css-av-2er3nl-662b701d1e67056440a671de8ca2b6f0\">\n.flex_column.av-2er3nl-662b701d1e67056440a671de8ca2b6f0{\nborder-radius:0px 0px 0px 0px;\npadding:0px 0px 0px 0px;\n}\n<\/style>\n<div  class='flex_column av-2er3nl-662b701d1e67056440a671de8ca2b6f0 av_two_third  avia-builder-el-0  avia-builder-el-no-sibling  first flex_column_div av-zero-column-padding  '     ><section  class='av_textblock_section av-lux792qs-80ef1816017299d92c94765fcba192b2 '   itemscope=\"itemscope\" itemtype=\"https:\/\/schema.org\/CreativeWork\" ><div class='avia_textblock'  itemprop=\"text\" ><h2><strong>Privacy policy<\/strong><\/h2>\n<ol>\n<li><b> General notes and mandatory information<\/b><\/li>\n<\/ol>\n<p><b>Privacy policy<\/b><\/p>\n<p>w&amp;k Elektrotechnik GmbH takes the protection of your personal data very seriously. We treat your personal data confidentially and in accordance with the statutory data protection regulations and this privacy policy.<\/p>\n<p>When you use this website, various personal data is collected. Personal data is data that can be used to identify you personally. This privacy policy explains what data we collect and what we use it for. It also explains how and for what purpose this is done.<\/p>\n<p><b>We would like to point out that data transmission over the Internet (e.g. when communicating by e-mail) may be subject to security vulnerabilities. Complete protection of data against access by third parties is not possible.<\/b><\/p>\n<p><b>Note on the responsible organisation<\/b><\/p>\n<p><span style=\"font-weight: 400;\">The controller responsible for data processing on this website is:<\/span><\/p>\n<p><span style=\"font-weight: 400;\">w&amp;k Elektrotechnik GmbH<br \/>\n<\/span><span style=\"font-weight: 400;\">Wiesenthaler Stra\u00dfe 27<br \/>\n<\/span><span style=\"font-weight: 400;\">36466 Dermbach<\/span><\/p>\n<p><b>Revocation of your consent to data processing<\/b><\/p>\n<p><span style=\"font-weight: 400;\">Many data processing operations are only possible with your express consent. You can revoke any consent you have already given at any time. All you need to do is send us an informal e-mail. The legality of the data processing carried out until the revocation remains unaffected by the revocation. The email address is: info@wuk-gmbh.com. You can also send your cancellation in writing to the above address, stating &#8220;Data protection&#8221;.<\/span><\/p>\n<p><b>Information, blocking, deletion<\/b><\/p>\n<p><span style=\"font-weight: 400;\">Within the framework of the applicable legal provisions, you have the right to free information about your stored personal data, its origin and recipients and the purpose of the data processing and, if necessary, a right to correction, blocking or deletion of this data at any time. You can contact us at any time at the address given in the legal notice if you have any further questions on the subject of personal data.<\/span><\/p>\n<p><b>Our objection to advertising emails<\/b><\/p>\n<p><span style=\"font-weight: 400;\">We hereby object to the use of contact data published as part of our obligation to provide a legal notice for the purpose of sending unsolicited advertising and information material. The operators of this website expressly reserve the right to take legal action in the event of the unsolicited sending of advertising information, such as spam e-mails.<\/span><\/p>\n<ol start=\"2\">\n<li><b> Data collection on our website<\/b><\/li>\n<\/ol>\n<p><b>Cookies<\/b><\/p>\n<p><span style=\"font-weight: 400;\">Some of the Internet pages use so-called cookies. Cookies do not damage your computer and do not contain viruses. Cookies are used to make our website more user-friendly, effective and secure. Cookies are small text files that are stored on your computer and saved by your browser.<\/span><\/p>\n<p><span style=\"font-weight: 400;\">Most of the cookies we use are so-called &#8220;session cookies&#8221;. They are automatically deleted at the end of your visit. Other cookies remain stored on your end device.<\/span><\/p>\n<p><span style=\"font-weight: 400;\">You can set your browser so that you are informed about the setting of cookies and only allow cookies in individual cases, exclude the acceptance of cookies for certain cases or in general and activate the automatic deletion of cookies when closing the browser. If cookies are deactivated, the functionality of this website may be restricted.<\/span><\/p>\n<p><span style=\"font-weight: 400;\">Cookies that are required to carry out the electronic communication process or to provide certain functions that you have requested (e.g. shopping basket function) are stored on the basis of Art. 6 para. 1 lit. f GDPR. The website operator has a legitimate interest in the storage of cookies for the technically error-free and optimised provision of its services. Insofar as other cookies (e.g. cookies for analysing your surfing behaviour) are stored, these are treated separately in this privacy policy.<\/span><\/p>\n<p><b>Browser Plugin<\/b><\/p>\n<p><span style=\"font-weight: 400;\">You may refuse the use of cookies by selecting the appropriate settings on your browser, however please note that if you do this you may not be able to use the full functionality of this website. You can also prevent Google from collecting the data generated by the cookie and relating to your use of the website (including your IP address) and from processing this data by Google by downloading and installing the browser plug-in available at the following link: https:\/\/tools.google.com\/dlpage\/gaoptout?hl=de.<\/span><\/p>\n<p><b>Plugins and Tools<\/b><\/p>\n<p><em><span style=\"font-weight: 400;\">Google Web Fonts<\/span><\/em><\/p>\n<p><span style=\"font-weight: 400;\">This site uses so-called web fonts provided by Google for the standardised display of fonts. When you call up a page, your browser loads the required web fonts into your browser cache in order to display texts and fonts correctly.<\/span><\/p>\n<p><span style=\"font-weight: 400;\">For this purpose, the browser you are using must connect to Google&#8217;s servers. This informs Google that our website has been accessed via your IP address. The use of Google Web Fonts is in the interest of a uniform and appealing presentation of our online offers. This constitutes a legitimate interest within the meaning of Art. 6 para. 1 lit. f GDPR.<\/span><\/p>\n<p><span style=\"font-weight: 400;\">If your browser does not support web fonts, a standard font will be used by your computer.<\/span><\/p>\n<p><span style=\"font-weight: 400;\">Further information on Google Web Fonts can be found at https:\/\/developers.google.com\/fonts\/faq and in Google&#8217;s privacy policy: https:\/\/www.google.com\/policies\/privacy\/.<\/span><\/p>\n<p><em><span style=\"font-weight: 400;\">Google Maps<\/span><\/em><\/p>\n<p><span style=\"font-weight: 400;\">This site uses the Google Maps map service via an API. The provider is Google Inc, 1600 Amphitheatre Parkway, Mountain View, CA 94043, USA.<\/span><\/p>\n<p><span style=\"font-weight: 400;\">To use the functions of Google Maps, it is necessary to save your IP address. This information is usually transferred to a Google server in the USA and stored there. The provider of this site has no influence on this data transfer.<\/span><\/p>\n<p><span style=\"font-weight: 400;\">The use of Google Maps is in the interest of an appealing presentation of our online offers and to make it easy to find the places we have indicated on the website. This constitutes a legitimate interest within the meaning of Art. 6 para. 1 lit. f GDPR.<\/span><\/p>\n<p><span style=\"font-weight: 400;\">You can find more information on the handling of user data in Google&#8217;s privacy policy: https:\/\/www.google.de\/intl\/de\/policies\/privacy\/.<\/span><\/p>\n<p><b>Information on the collection of personal data in accordance with Art. 13 EU GDPR<\/b><\/p>\n<p><span style=\"font-weight: 400;\">Below we inform you about the processing of your personal data in our company. Personal data is all data that can be related to you personally or your employees, such as name, address, telephone number, e-mail address, bank details.<\/span><\/p>\n<p><em><span style=\"font-weight: 400;\">Note on the responsible organisation<\/span><\/em><\/p>\n<p><span style=\"font-weight: 400;\">The controller within the meaning of Art. 4 GDPR is:<\/span><\/p>\n<p><b>w&amp;k Elektrotechnik GmbH<br \/>\n<\/b><b>Wiesenthaler Stra\u00dfe 27<br \/>\n<\/b><b>36466 Dermbach<\/b><\/p>\n<p><em><span style=\"font-weight: 400;\">Data Protection Officer<\/span><\/em><\/p>\n<p><span style=\"font-weight: 400;\">You can contact the responsible data protection officer as follows:<\/span><\/p>\n<p><span style=\"font-weight: 400;\">w&amp;k Elektroanlagen GmbH, Wiesenthaler Stra\u00dfe 27, 36466 Dermbach, <\/span><a href=\"mailto:Datenschutz@wuk-gmbh.com\"><span style=\"font-weight: 400;\">Datenschutz@wuk-gmbh.com<\/span><\/a><\/p>\n<p><em><span style=\"font-weight: 400;\">Purpose of the data collection, processing or use<\/span><\/em><\/p>\n<p><span style=\"font-weight: 400;\">We process personal data in accordance with the provisions of the European General Data Protection Regulation (EU GDPR) and the German Federal Data Protection Act (BDSG), as amended. Your personal data will only be collected, processed and\/or stored for the purposes expressly stated here.<\/span><\/p>\n<ol>\n<li style=\"font-weight: 400;\"><span style=\"font-weight: 400;\">Consent of the data subject (Art. 6 para. 1 a EU GDPR)<\/span><\/li>\n<li style=\"font-weight: 400;\"><span style=\"font-weight: 400;\">For the implementation of pre-contractual measures and\/or for the fulfilment of a contract pursuant to Art. 6 para. 1 b EU GDPR<\/span><\/li>\n<\/ol>\n<p><span style=\"font-weight: 400;\">Personal data is processed for the initiation, conclusion and\/or fulfilment of contracts concluded with w&amp;k Elektrotechnik GmbH. This includes, for example<\/span><\/p>\n<ul>\n<li style=\"font-weight: 400;\"><span style=\"font-weight: 400;\">Processing enquiries for the submission of an offer<\/span><\/li>\n<li style=\"font-weight: 400;\"><span style=\"font-weight: 400;\">Performing services in connection with contracts to be concluded and\/or concluded with general contractors, individual companies or individual customers<\/span><\/li>\n<li style=\"font-weight: 400;\"><span style=\"font-weight: 400;\">Identification of the potential contractual partner making the enquiry<\/span><\/li>\n<li style=\"font-weight: 400;\"><span style=\"font-weight: 400;\">Fulfilment of contracts including the resulting obligations and rights, including cooperation with wholesalers and manufacturers<\/span><\/li>\n<li style=\"font-weight: 400;\"><span style=\"font-weight: 400;\">Improving the quality of our services within the framework of existing contracts or contracts yet to be concluded<\/span><\/li>\n<\/ul>\n<p><span style=\"font-weight: 400;\">As part of the balancing of interests pursuant to Art. 6 para. 1 f EU GDPR<\/span><\/p>\n<p><span style=\"font-weight: 400;\">Where necessary, we process personal data beyond the actual fulfilment of the contract or pre-contractual measures to protect our legitimate interests or those of third parties. This includes, for example<\/span><\/p>\n<ul>\n<li style=\"font-weight: 400;\"><span style=\"font-weight: 400;\">Consultation of and data exchange with credit agencies to determine creditworthiness and default risks<\/span><\/li>\n<li style=\"font-weight: 400;\"><span style=\"font-weight: 400;\">Consultation of and data exchange with banks or insurance companies to clarify contract fulfilment guarantees<\/span><\/li>\n<li style=\"font-weight: 400;\"><span style=\"font-weight: 400;\">Assertion of legal claims and defence in legal disputes<\/span><\/li>\n<li style=\"font-weight: 400;\"><span style=\"font-weight: 400;\">Measures for building and plant safety<\/span><\/li>\n<li style=\"font-weight: 400;\"><span style=\"font-weight: 400;\">Ensuring the IT security and IT operations of w&amp;k Elektrotechnik GmbH<\/span><\/li>\n<li style=\"font-weight: 400;\"><span style=\"font-weight: 400;\">Advice, consultation and data exchange with legal advisors, debt collection agencies, tax advisors, auditing companies and authorities<\/span><\/li>\n<\/ul>\n<p><em><span style=\"font-weight: 400;\">Information about your data protection rights<\/span><\/em><\/p>\n<p><span style=\"font-weight: 400;\">You have the<\/span><\/p>\n<ul>\n<li style=\"font-weight: 400;\"><span style=\"font-weight: 400;\">Right to information (Art. 15 EU GDPR)<\/span><\/li>\n<li style=\"font-weight: 400;\"><span style=\"font-weight: 400;\">Right to rectification of inaccurate data (Art. 16 EU GDPR)<\/span><\/li>\n<li style=\"font-weight: 400;\"><span style=\"font-weight: 400;\">Right to erasure (Art. 17 EU GDPR)<\/span><\/li>\n<li style=\"font-weight: 400;\"><span style=\"font-weight: 400;\">Right to restriction of processing (Art. 18 EU GDPR)<\/span><\/li>\n<li style=\"font-weight: 400;\"><span style=\"font-weight: 400;\">Right to data portability (Art. 20 EU GDPR)<\/span><\/li>\n<li style=\"font-weight: 400;\"><span style=\"font-weight: 400;\">Right to object (Art. 21 EU GDPR)<\/span><\/li>\n<li style=\"font-weight: 400;\"><span style=\"font-weight: 400;\">Right to lodge a complaint with the competent data protection supervisory authority (Art. 77 EU GDPR in conjunction with Section 18 BDSG)<\/span><\/li>\n<\/ul>\n<p><em><span style=\"font-weight: 400;\">Data transfer to third parties<\/span><\/em><\/p>\n<p><span style=\"font-weight: 400;\">Recipients of personal data may be, for example<\/span><\/p>\n<ol>\n<li style=\"font-weight: 400;\"><span style=\"font-weight: 400;\">Public authorities or institutions if there is a legal or other obligation (also voluntary), e.g. tax authorities, tax consultants, auditing companies<\/span><\/li>\n<li style=\"font-weight: 400;\"><span style=\"font-weight: 400;\">Processors that we commission as external service providers in individual cases within the framework of the contractual relationship<\/span><\/li>\n<\/ol>\n<ul>\n<li style=\"font-weight: 400;\"><span style=\"font-weight: 400;\">Data processing via third-party systems and external storage <\/span><\/li>\n<li style=\"font-weight: 400;\"><span style=\"font-weight: 400;\">to carry out construction, repair, maintenance or other measures<\/span><\/li>\n<li style=\"font-weight: 400;\"><span style=\"font-weight: 400;\">to create requested offers<\/span><\/li>\n<\/ul>\n<p><em><span style=\"font-weight: 400;\">Duration of storage<\/span><\/em><\/p>\n<p><span style=\"font-weight: 400;\">After the respective purpose of processing and use has ceased to apply and mutual claims have been settled or the warranty has expired, the relevant retention periods apply. The data will then be deleted or destroyed.<\/span><\/p>\n<p><em><span style=\"font-weight: 400;\">Data transfer to third countries<\/span><\/em><\/p>\n<p><span style=\"font-weight: 400;\">No data transfer to third countries takes place and is not planned.<\/span><\/p>\n<p><em><span style=\"font-weight: 400;\">Obligation to provide personal data<\/span><\/em><\/p>\n<p><span style=\"font-weight: 400;\">As part of our business relationship, we must provide the personal data that is necessary for the establishment and implementation of a business relationship and the fulfilment of the associated obligations or that we are legally obliged to collect or disclose.<\/span><\/p>\n<p><em><span style=\"font-weight: 400;\">Automated decision-making, implementation of profiling<\/span><\/em><\/p>\n<p><span style=\"font-weight: 400;\">In principle, we do not use exclusively automated decision-making within the meaning of Art. 22 EU GDPR to establish or conduct the business relationship<\/span><\/p>\n<p><b>Pursuant to Art. 21 para. 4 in conjunction with. (1) and (2) EU GDPR, you can object to the processing of your personal data at any time.<\/b><\/p>\n<\/div><\/section><\/div>\n","protected":false},"excerpt":{"rendered":"","protected":false},"author":1,"featured_media":0,"parent":0,"menu_order":0,"comment_status":"closed","ping_status":"closed","template":"","meta":{"footnotes":""},"class_list":["post-1425","page","type-page","status-publish","hentry"],"yoast_head":"<!-- This site is optimized with the Yoast SEO plugin v27.5 - https:\/\/yoast.com\/product\/yoast-seo-wordpress\/ -->\n<title>Privacy policy - w&amp;k Elektrotechnik GmbH<\/title>\n<meta name=\"robots\" content=\"index, follow, max-snippet:-1, max-image-preview:large, max-video-preview:-1\" \/>\n<link rel=\"canonical\" href=\"https:\/\/wuk-gmbh.com\/en\/privacy-policy\/\" \/>\n<meta property=\"og:locale\" content=\"en_US\" \/>\n<meta property=\"og:type\" content=\"article\" \/>\n<meta property=\"og:title\" content=\"Privacy policy - w&amp;k Elektrotechnik GmbH\" \/>\n<meta property=\"og:url\" content=\"https:\/\/wuk-gmbh.com\/en\/privacy-policy\/\" \/>\n<meta property=\"og:site_name\" content=\"w&amp;k Elektrotechnik GmbH\" \/>\n<meta property=\"article:modified_time\" content=\"2024-04-12T22:07:34+00:00\" \/>\n<meta name=\"twitter:card\" content=\"summary_large_image\" \/>\n<meta name=\"twitter:label1\" content=\"Est. reading time\" \/>\n\t<meta name=\"twitter:data1\" content=\"10 minutes\" \/>\n<script type=\"application\/ld+json\" class=\"yoast-schema-graph\">{\"@context\":\"https:\\\/\\\/schema.org\",\"@graph\":[{\"@type\":\"WebPage\",\"@id\":\"https:\\\/\\\/wuk-gmbh.com\\\/en\\\/privacy-policy\\\/\",\"url\":\"https:\\\/\\\/wuk-gmbh.com\\\/en\\\/privacy-policy\\\/\",\"name\":\"Privacy policy - w&amp;k Elektrotechnik GmbH\",\"isPartOf\":{\"@id\":\"https:\\\/\\\/wuk-gmbh.com\\\/en\\\/#website\"},\"datePublished\":\"2024-04-12T21:47:41+00:00\",\"dateModified\":\"2024-04-12T22:07:34+00:00\",\"breadcrumb\":{\"@id\":\"https:\\\/\\\/wuk-gmbh.com\\\/en\\\/privacy-policy\\\/#breadcrumb\"},\"inLanguage\":\"en-US\",\"potentialAction\":[{\"@type\":\"ReadAction\",\"target\":[\"https:\\\/\\\/wuk-gmbh.com\\\/en\\\/privacy-policy\\\/\"]}]},{\"@type\":\"BreadcrumbList\",\"@id\":\"https:\\\/\\\/wuk-gmbh.com\\\/en\\\/privacy-policy\\\/#breadcrumb\",\"itemListElement\":[{\"@type\":\"ListItem\",\"position\":1,\"name\":\"Startseite\",\"item\":\"https:\\\/\\\/wuk-gmbh.com\\\/en\\\/\"},{\"@type\":\"ListItem\",\"position\":2,\"name\":\"Privacy policy\"}]},{\"@type\":\"WebSite\",\"@id\":\"https:\\\/\\\/wuk-gmbh.com\\\/en\\\/#website\",\"url\":\"https:\\\/\\\/wuk-gmbh.com\\\/en\\\/\",\"name\":\"w&amp;k Elektrotechnik GmbH\",\"description\":\"Unser Unternehmen produziert Niederspannungsschaltger\u00e4tekombinationen sowie Steuerschr\u00e4nke f\u00fcr die Automatisierungstechnik\\\/MSR-Technik.\",\"potentialAction\":[{\"@type\":\"SearchAction\",\"target\":{\"@type\":\"EntryPoint\",\"urlTemplate\":\"https:\\\/\\\/wuk-gmbh.com\\\/en\\\/?s={search_term_string}\"},\"query-input\":{\"@type\":\"PropertyValueSpecification\",\"valueRequired\":true,\"valueName\":\"search_term_string\"}}],\"inLanguage\":\"en-US\"}]}<\/script>\n<!-- \/ Yoast SEO plugin. -->","yoast_head_json":{"title":"Privacy policy - w&amp;k Elektrotechnik GmbH","robots":{"index":"index","follow":"follow","max-snippet":"max-snippet:-1","max-image-preview":"max-image-preview:large","max-video-preview":"max-video-preview:-1"},"canonical":"https:\/\/wuk-gmbh.com\/en\/privacy-policy\/","og_locale":"en_US","og_type":"article","og_title":"Privacy policy - w&amp;k Elektrotechnik GmbH","og_url":"https:\/\/wuk-gmbh.com\/en\/privacy-policy\/","og_site_name":"w&amp;k Elektrotechnik GmbH","article_modified_time":"2024-04-12T22:07:34+00:00","twitter_card":"summary_large_image","twitter_misc":{"Est. reading time":"10 minutes"},"schema":{"@context":"https:\/\/schema.org","@graph":[{"@type":"WebPage","@id":"https:\/\/wuk-gmbh.com\/en\/privacy-policy\/","url":"https:\/\/wuk-gmbh.com\/en\/privacy-policy\/","name":"Privacy policy - w&amp;k Elektrotechnik GmbH","isPartOf":{"@id":"https:\/\/wuk-gmbh.com\/en\/#website"},"datePublished":"2024-04-12T21:47:41+00:00","dateModified":"2024-04-12T22:07:34+00:00","breadcrumb":{"@id":"https:\/\/wuk-gmbh.com\/en\/privacy-policy\/#breadcrumb"},"inLanguage":"en-US","potentialAction":[{"@type":"ReadAction","target":["https:\/\/wuk-gmbh.com\/en\/privacy-policy\/"]}]},{"@type":"BreadcrumbList","@id":"https:\/\/wuk-gmbh.com\/en\/privacy-policy\/#breadcrumb","itemListElement":[{"@type":"ListItem","position":1,"name":"Startseite","item":"https:\/\/wuk-gmbh.com\/en\/"},{"@type":"ListItem","position":2,"name":"Privacy policy"}]},{"@type":"WebSite","@id":"https:\/\/wuk-gmbh.com\/en\/#website","url":"https:\/\/wuk-gmbh.com\/en\/","name":"w&amp;k Elektrotechnik GmbH","description":"Unser Unternehmen produziert Niederspannungsschaltger\u00e4tekombinationen sowie Steuerschr\u00e4nke f\u00fcr die Automatisierungstechnik\/MSR-Technik.","potentialAction":[{"@type":"SearchAction","target":{"@type":"EntryPoint","urlTemplate":"https:\/\/wuk-gmbh.com\/en\/?s={search_term_string}"},"query-input":{"@type":"PropertyValueSpecification","valueRequired":true,"valueName":"search_term_string"}}],"inLanguage":"en-US"}]}},"_links":{"self":[{"href":"https:\/\/wuk-gmbh.com\/en\/wp-json\/wp\/v2\/pages\/1425","targetHints":{"allow":["GET"]}}],"collection":[{"href":"https:\/\/wuk-gmbh.com\/en\/wp-json\/wp\/v2\/pages"}],"about":[{"href":"https:\/\/wuk-gmbh.com\/en\/wp-json\/wp\/v2\/types\/page"}],"author":[{"embeddable":true,"href":"https:\/\/wuk-gmbh.com\/en\/wp-json\/wp\/v2\/users\/1"}],"replies":[{"embeddable":true,"href":"https:\/\/wuk-gmbh.com\/en\/wp-json\/wp\/v2\/comments?post=1425"}],"version-history":[{"count":4,"href":"https:\/\/wuk-gmbh.com\/en\/wp-json\/wp\/v2\/pages\/1425\/revisions"}],"predecessor-version":[{"id":1427,"href":"https:\/\/wuk-gmbh.com\/en\/wp-json\/wp\/v2\/pages\/1425\/revisions\/1427"}],"wp:attachment":[{"href":"https:\/\/wuk-gmbh.com\/en\/wp-json\/wp\/v2\/media?parent=1425"}],"curies":[{"name":"wp","href":"https:\/\/api.w.org\/{rel}","templated":true}]}}