{"id":1410,"date":"2024-04-12T21:43:27","date_gmt":"2024-04-12T20:43:27","guid":{"rendered":"https:\/\/wuk-gmbh.com\/?page_id=1410"},"modified":"2024-07-24T14:13:17","modified_gmt":"2024-07-24T13:13:17","slug":"imprint","status":"publish","type":"page","link":"https:\/\/wuk-gmbh.com\/en\/imprint\/","title":{"rendered":"Imprint"},"content":{"rendered":"\n<style type=\"text\/css\" data-created_by=\"avia_inline_auto\" id=\"style-css-av-1xj8tu-e2e09839feec46cbe25852b1c796c7d6\">\n.flex_column.av-1xj8tu-e2e09839feec46cbe25852b1c796c7d6{\nborder-radius:0px 0px 0px 0px;\npadding:0px 0px 0px 0px;\n}\n<\/style>\n<div  class='flex_column av-1xj8tu-e2e09839feec46cbe25852b1c796c7d6 av_two_third  avia-builder-el-0  avia-builder-el-no-sibling  first flex_column_div av-zero-column-padding  '     ><section  class='av_textblock_section av-lux4qy8p-fdfad4dddf76e067dd116ec8409c49d2 '   itemscope=\"itemscope\" itemtype=\"https:\/\/schema.org\/CreativeWork\" ><div class='avia_textblock'  itemprop=\"text\" ><p><b>Publisher<\/b><\/p>\n<p><span style=\"font-weight: 400;\">w&amp;k Elektrotechnik GmbH<br \/>\n<\/span><span style=\"font-weight: 400;\">Wiesenthaler Stra\u00dfe 27<br \/>\n<\/span><span style=\"font-weight: 400;\">36466 Dermbach\/Rh\u00f6n<\/span><\/p>\n<p><span style=\"font-weight: 400;\">Telephone:<\/span> <span style=\"font-weight: 400;\"><a href=\"tel:+493696480330\">+49 (0) 36 96 4 \/ 80 330<\/a><br \/>\n<\/span><span style=\"font-weight: 400;\">Fax:<\/span> <span style=\"font-weight: 400;\">+49 (0) 36964 \/ 80 333<\/span><\/p>\n<p><span style=\"font-weight: 400;\">Mail:<\/span> <span style=\"font-weight: 400;\">info@wuk-gmbh.com<\/span><\/p>\n<p><b>Management<\/b><\/p>\n<p><span style=\"font-weight: 400;\">Dr.-Ing. Luisa Kynast<br \/>\n<\/span><span style=\"font-weight: 400;\">Christoph Kynast<\/span><\/p>\n<p><b>Commercial register<br \/>\n<\/b><\/p>\n<p><span style=\"font-weight: 400;\">Jena HRB 501941<\/span><\/p>\n<p><b>VAT-ID<\/b><\/p>\n<p><span style=\"font-weight: 400;\">DE 256884182<\/span><\/p>\n<p><b>Disclaimer<\/b><\/p>\n<ol>\n<li><span style=\"font-weight: 400;\">Content warning<br \/>\n<\/span><\/li>\n<\/ol>\n<p>The free and freely accessible content of this website has been created with the greatest possible care. However, the provider of this website accepts no liability for the accuracy and currency of the free and freely accessible journalistic guides and news provided. The use of this website content is at your own risk. No contractual relationship is established between the user and the provider simply by accessing this free and freely accessible content; in this respect, the provider&#8217;s intention to be legally bound is lacking.<\/p>\n<ol start=\"2\">\n<li><span style=\"font-weight: 400;\">Links<\/span><\/li>\n<\/ol>\n<p>The website contains links to other websites (&#8220;external links&#8221;). These websites are subject to the liability of the respective site operators. No legal offences were apparent when the external links were created. The provider has no influence on the current and future design of the linked pages. The provider cannot reasonably be expected to permanently check the external links without concrete evidence of legal violations. If the provider becomes aware of any legal infringements, the external links concerned will be deleted immediately.<\/p>\n<ol start=\"3\">\n<li>Copyright \/ ancillary copyright<\/li>\n<\/ol>\n<p>The content published on this website by the provider is subject to German copyright and ancillary copyright law. All utilisation not permitted by German copyright and ancillary copyright law requires the prior written consent of the provider or the respective rights holder. This applies in particular to the duplication, editing, translation, storage, processing or reproduction of content in databases or other electronic media and systems. Third-party content and rights are labelled as such. Unauthorised copying of the website content or the entire website is not permitted and is punishable by law. Only the production of copies and downloads for personal, private and non-commercial use is permitted.<\/p>\n<p>This website may not be displayed by third parties in frames or iFrames without written permission.<\/p>\n<ol start=\"4\">\n<li>No advertising<\/li>\n<\/ol>\n<p>The use of the contact data in the legal notice for commercial advertising is expressly not desired unless the provider has given prior written consent or a business relationship already exists. The provider and all persons named on this website hereby object to any commercial use and disclosure of their data.<\/p>\n<ol start=\"5\">\n<li>Special terms of use<\/li>\n<\/ol>\n<p>Insofar as special conditions for individual uses of this website deviate from the aforementioned numbers 1 to 4, this will be expressly indicated at the appropriate point. In this case, the special conditions shall apply in each individual case.<\/p>\n<p>(Source: Fachanwalt.de)<\/p>\n<p>Data protection information<\/p>\n<p>You can find the privacy policy <a href=\"https:\/\/wuk-gmbh.com\/datenschutzerklarung\/\">here<\/a>.<\/p>\n<p><strong>Authorised representative<\/strong><\/p>\n<p>Responsible for the content of the website according to \u00a75 TMG:<\/p>\n<p>Luisa and Christoph Kynast (Telephone: <a href=\"tel:+493696480330\">+49 (0) 36 96 4 \/ 80 330<\/a>)<\/p>\n<p><strong>Picture credits<\/strong><\/p>\n<p><em>Site &#8220;Company&#8221; (Luisa and Christoph Kynast)<\/em><\/p>\n<p>&#8211; Transfer of rights of use: to Luisa and Christoph Kynast completed<br \/>\n&#8211; Photo taken on 19 June 2024 at w&amp;k Elektrotechnik GmbH<br \/>\n&#8211; Photographer: Michael Reichel<\/p>\n<\/div><\/section><\/div>\n","protected":false},"excerpt":{"rendered":"","protected":false},"author":1,"featured_media":0,"parent":0,"menu_order":0,"comment_status":"closed","ping_status":"closed","template":"","meta":{"footnotes":""},"class_list":["post-1410","page","type-page","status-publish","hentry"],"yoast_head":"<!-- This site is optimized with the Yoast SEO plugin v27.5 - https:\/\/yoast.com\/product\/yoast-seo-wordpress\/ -->\n<title>Imprint - w&amp;k Elektrotechnik GmbH<\/title>\n<meta name=\"robots\" content=\"index, follow, max-snippet:-1, max-image-preview:large, max-video-preview:-1\" \/>\n<link rel=\"canonical\" href=\"https:\/\/wuk-gmbh.com\/en\/imprint\/\" \/>\n<meta property=\"og:locale\" content=\"en_US\" \/>\n<meta property=\"og:type\" content=\"article\" \/>\n<meta property=\"og:title\" content=\"Imprint - w&amp;k Elektrotechnik GmbH\" \/>\n<meta property=\"og:url\" content=\"https:\/\/wuk-gmbh.com\/en\/imprint\/\" \/>\n<meta property=\"og:site_name\" content=\"w&amp;k Elektrotechnik GmbH\" \/>\n<meta property=\"article:modified_time\" content=\"2024-07-24T13:13:17+00:00\" \/>\n<meta name=\"twitter:card\" content=\"summary_large_image\" \/>\n<meta name=\"twitter:label1\" content=\"Est. reading time\" \/>\n\t<meta name=\"twitter:data1\" content=\"3 minutes\" \/>\n<script type=\"application\/ld+json\" class=\"yoast-schema-graph\">{\"@context\":\"https:\\\/\\\/schema.org\",\"@graph\":[{\"@type\":\"WebPage\",\"@id\":\"https:\\\/\\\/wuk-gmbh.com\\\/en\\\/imprint\\\/\",\"url\":\"https:\\\/\\\/wuk-gmbh.com\\\/en\\\/imprint\\\/\",\"name\":\"Imprint - w&amp;k Elektrotechnik GmbH\",\"isPartOf\":{\"@id\":\"https:\\\/\\\/wuk-gmbh.com\\\/en\\\/#website\"},\"datePublished\":\"2024-04-12T20:43:27+00:00\",\"dateModified\":\"2024-07-24T13:13:17+00:00\",\"breadcrumb\":{\"@id\":\"https:\\\/\\\/wuk-gmbh.com\\\/en\\\/imprint\\\/#breadcrumb\"},\"inLanguage\":\"en-US\",\"potentialAction\":[{\"@type\":\"ReadAction\",\"target\":[\"https:\\\/\\\/wuk-gmbh.com\\\/en\\\/imprint\\\/\"]}]},{\"@type\":\"BreadcrumbList\",\"@id\":\"https:\\\/\\\/wuk-gmbh.com\\\/en\\\/imprint\\\/#breadcrumb\",\"itemListElement\":[{\"@type\":\"ListItem\",\"position\":1,\"name\":\"Startseite\",\"item\":\"https:\\\/\\\/wuk-gmbh.com\\\/en\\\/\"},{\"@type\":\"ListItem\",\"position\":2,\"name\":\"Imprint\"}]},{\"@type\":\"WebSite\",\"@id\":\"https:\\\/\\\/wuk-gmbh.com\\\/en\\\/#website\",\"url\":\"https:\\\/\\\/wuk-gmbh.com\\\/en\\\/\",\"name\":\"w&amp;k Elektrotechnik GmbH\",\"description\":\"Unser Unternehmen produziert Niederspannungsschaltger\u00e4tekombinationen sowie Steuerschr\u00e4nke f\u00fcr die Automatisierungstechnik\\\/MSR-Technik.\",\"potentialAction\":[{\"@type\":\"SearchAction\",\"target\":{\"@type\":\"EntryPoint\",\"urlTemplate\":\"https:\\\/\\\/wuk-gmbh.com\\\/en\\\/?s={search_term_string}\"},\"query-input\":{\"@type\":\"PropertyValueSpecification\",\"valueRequired\":true,\"valueName\":\"search_term_string\"}}],\"inLanguage\":\"en-US\"}]}<\/script>\n<!-- \/ Yoast SEO plugin. -->","yoast_head_json":{"title":"Imprint - w&amp;k Elektrotechnik GmbH","robots":{"index":"index","follow":"follow","max-snippet":"max-snippet:-1","max-image-preview":"max-image-preview:large","max-video-preview":"max-video-preview:-1"},"canonical":"https:\/\/wuk-gmbh.com\/en\/imprint\/","og_locale":"en_US","og_type":"article","og_title":"Imprint - w&amp;k Elektrotechnik GmbH","og_url":"https:\/\/wuk-gmbh.com\/en\/imprint\/","og_site_name":"w&amp;k Elektrotechnik GmbH","article_modified_time":"2024-07-24T13:13:17+00:00","twitter_card":"summary_large_image","twitter_misc":{"Est. reading time":"3 minutes"},"schema":{"@context":"https:\/\/schema.org","@graph":[{"@type":"WebPage","@id":"https:\/\/wuk-gmbh.com\/en\/imprint\/","url":"https:\/\/wuk-gmbh.com\/en\/imprint\/","name":"Imprint - w&amp;k Elektrotechnik GmbH","isPartOf":{"@id":"https:\/\/wuk-gmbh.com\/en\/#website"},"datePublished":"2024-04-12T20:43:27+00:00","dateModified":"2024-07-24T13:13:17+00:00","breadcrumb":{"@id":"https:\/\/wuk-gmbh.com\/en\/imprint\/#breadcrumb"},"inLanguage":"en-US","potentialAction":[{"@type":"ReadAction","target":["https:\/\/wuk-gmbh.com\/en\/imprint\/"]}]},{"@type":"BreadcrumbList","@id":"https:\/\/wuk-gmbh.com\/en\/imprint\/#breadcrumb","itemListElement":[{"@type":"ListItem","position":1,"name":"Startseite","item":"https:\/\/wuk-gmbh.com\/en\/"},{"@type":"ListItem","position":2,"name":"Imprint"}]},{"@type":"WebSite","@id":"https:\/\/wuk-gmbh.com\/en\/#website","url":"https:\/\/wuk-gmbh.com\/en\/","name":"w&amp;k Elektrotechnik GmbH","description":"Unser Unternehmen produziert Niederspannungsschaltger\u00e4tekombinationen sowie Steuerschr\u00e4nke f\u00fcr die Automatisierungstechnik\/MSR-Technik.","potentialAction":[{"@type":"SearchAction","target":{"@type":"EntryPoint","urlTemplate":"https:\/\/wuk-gmbh.com\/en\/?s={search_term_string}"},"query-input":{"@type":"PropertyValueSpecification","valueRequired":true,"valueName":"search_term_string"}}],"inLanguage":"en-US"}]}},"_links":{"self":[{"href":"https:\/\/wuk-gmbh.com\/en\/wp-json\/wp\/v2\/pages\/1410","targetHints":{"allow":["GET"]}}],"collection":[{"href":"https:\/\/wuk-gmbh.com\/en\/wp-json\/wp\/v2\/pages"}],"about":[{"href":"https:\/\/wuk-gmbh.com\/en\/wp-json\/wp\/v2\/types\/page"}],"author":[{"embeddable":true,"href":"https:\/\/wuk-gmbh.com\/en\/wp-json\/wp\/v2\/users\/1"}],"replies":[{"embeddable":true,"href":"https:\/\/wuk-gmbh.com\/en\/wp-json\/wp\/v2\/comments?post=1410"}],"version-history":[{"count":6,"href":"https:\/\/wuk-gmbh.com\/en\/wp-json\/wp\/v2\/pages\/1410\/revisions"}],"predecessor-version":[{"id":1505,"href":"https:\/\/wuk-gmbh.com\/en\/wp-json\/wp\/v2\/pages\/1410\/revisions\/1505"}],"wp:attachment":[{"href":"https:\/\/wuk-gmbh.com\/en\/wp-json\/wp\/v2\/media?parent=1410"}],"curies":[{"name":"wp","href":"https:\/\/api.w.org\/{rel}","templated":true}]}}