{"id":1249,"date":"2023-05-26T14:19:11","date_gmt":"2023-05-26T13:19:11","guid":{"rendered":"https:\/\/wuk-gmbh.com\/?page_id=1249"},"modified":"2023-05-26T14:21:09","modified_gmt":"2023-05-26T13:21:09","slug":"feedback","status":"publish","type":"page","link":"https:\/\/wuk-gmbh.com\/en\/feedback\/","title":{"rendered":"Feedback"},"content":{"rendered":"\n<style type=\"text\/css\" data-created_by=\"avia_inline_auto\" id=\"style-css-av-wejp5-d839c90cd96523c67a3e897c4f027b97\">\n.avia-section.av-wejp5-d839c90cd96523c67a3e897c4f027b97{\nbackground-repeat:no-repeat;\nbackground-image:url(https:\/\/wuk-gmbh.com\/wp-content\/uploads\/2023\/05\/question-mark-1872665-scaled.jpg);\nbackground-position:50% 50%;\nbackground-attachment:fixed;\n}\n.avia-section.av-wejp5-d839c90cd96523c67a3e897c4f027b97 .av-section-color-overlay{\nopacity:0.6;\nbackground-color:#0a0a0a;\n}\n<\/style>\n<div id='av_section_1'  class='avia-section av-wejp5-d839c90cd96523c67a3e897c4f027b97 main_color avia-section-large avia-no-border-styling  avia-builder-el-0  el_before_av_textblock  avia-builder-el-first  avia-full-stretch avia-bg-style-fixed av-section-color-overlay-active av-minimum-height av-minimum-height-50 av-height-50  container_wrap sidebar_right'  data-section-bg-repeat='stretch' data-av_minimum_height_pc='50' data-av_min_height_opt='50'><div class=\"av-section-color-overlay-wrap\"><div class=\"av-section-color-overlay\"><\/div><div class='container av-section-cont-open' ><main  role=\"main\" itemprop=\"mainContentOfPage\"  class='template-page content  av-content-small alpha units'><div class='post-entry post-entry-type-page post-entry-1249'><div class='entry-content-wrapper clearfix'>\n\n<style type=\"text\/css\" data-created_by=\"avia_inline_auto\" id=\"style-css-av-vpyl9-f184d0f8b1b1a9fc4ffee8457e209204\">\n#top .av-special-heading.av-vpyl9-f184d0f8b1b1a9fc4ffee8457e209204{\npadding-bottom:0;\ncolor:#ffffff;\nfont-size:50px;\n}\nbody .av-special-heading.av-vpyl9-f184d0f8b1b1a9fc4ffee8457e209204 .av-special-heading-tag .heading-char{\nfont-size:25px;\n}\n#top #wrap_all .av-special-heading.av-vpyl9-f184d0f8b1b1a9fc4ffee8457e209204 .av-special-heading-tag{\nfont-size:50px;\n}\n.av-special-heading.av-vpyl9-f184d0f8b1b1a9fc4ffee8457e209204 .special-heading-inner-border{\nborder-color:#ffffff;\n}\n.av-special-heading.av-vpyl9-f184d0f8b1b1a9fc4ffee8457e209204 .av-subheading{\nfont-size:15px;\n}\n\n@media only screen and (min-width: 480px) and (max-width: 767px){ \n#top #wrap_all .av-special-heading.av-vpyl9-f184d0f8b1b1a9fc4ffee8457e209204 .av-special-heading-tag{\nfont-size:0.8em;\n}\n}\n\n@media only screen and (max-width: 479px){ \n#top #wrap_all .av-special-heading.av-vpyl9-f184d0f8b1b1a9fc4ffee8457e209204 .av-special-heading-tag{\nfont-size:0.8em;\n}\n}\n<\/style>\n<div  class='av-special-heading av-vpyl9-f184d0f8b1b1a9fc4ffee8457e209204 av-special-heading-h1 custom-color-heading blockquote modern-quote  avia-builder-el-1  avia-builder-el-no-sibling  av-thin-font av-inherit-size'><h1 class='av-special-heading-tag '  itemprop=\"headline\"  ><strong>Feedback<\/strong><\/h1><div class=\"special-heading-border\"><div class=\"special-heading-inner-border\"><\/div><\/div><\/div>\n<\/div><\/div><\/main><!-- close content main element --><\/div><\/div><\/div><div id='after_section_1'  class='main_color av_default_container_wrap container_wrap sidebar_right'  ><div class='container av-section-cont-open' ><div class='template-page content  av-content-small alpha units'><div class='post-entry post-entry-type-page post-entry-1249'><div class='entry-content-wrapper clearfix'>\n<section  class='av_textblock_section av-li4i4rt1-ee2b8200a05db500c1bff346eb8be294 '   itemscope=\"itemscope\" itemtype=\"https:\/\/schema.org\/CreativeWork\" ><div class='avia_textblock'  itemprop=\"text\" ><h2>Your opinion is important to us<\/h2>\n<\/div><\/section>\n\n<style type=\"text\/css\" data-created_by=\"avia_inline_auto\" id=\"style-css-av-li4i5izx-9d97a8dc5cdffbe7b0a0b994e33d4620\">\n#top .hr.av-li4i5izx-9d97a8dc5cdffbe7b0a0b994e33d4620{\nmargin-top:5px;\nmargin-bottom:30px;\n}\n.hr.av-li4i5izx-9d97a8dc5cdffbe7b0a0b994e33d4620 .hr-inner{\nwidth:50px;\nborder-color:#57882e;\n}\n<\/style>\n<div  class='hr av-li4i5izx-9d97a8dc5cdffbe7b0a0b994e33d4620 hr-custom  avia-builder-el-3  el_after_av_textblock  el_before_av_textblock  hr-left hr-icon-no'><span class='hr-inner inner-border-av-border-fat'><span class=\"hr-inner-style\"><\/span><\/span><\/div>\n<section  class='av_textblock_section av-vgqc5-b9a75185a3678dcf660aafddbe71b445 '   itemscope=\"itemscope\" itemtype=\"https:\/\/schema.org\/CreativeWork\" ><div class='avia_textblock'  itemprop=\"text\" ><p>We hope that you are satisfied with your product and that it meets your expectations. In order to further improve our service and products, we would appreciate your feedback. Please take a few minutes to fill out the form below. Your opinion is important to us!<\/p>\n<style id=\"wpforms-css-vars-1242\">\n\t\t\t\t#wpforms-1242 {\n\t\t\t\t--wpforms-field-size-input-height: 43px;\n--wpforms-field-size-input-spacing: 15px;\n--wpforms-field-size-font-size: 16px;\n--wpforms-field-size-line-height: 19px;\n--wpforms-field-size-padding-h: 14px;\n--wpforms-field-size-checkbox-size: 16px;\n--wpforms-field-size-sublabel-spacing: 5px;\n--wpforms-field-size-icon-size: 1;\n--wpforms-label-size-font-size: 16px;\n--wpforms-label-size-line-height: 19px;\n--wpforms-label-size-sublabel-font-size: 14px;\n--wpforms-label-size-sublabel-line-height: 17px;\n--wpforms-button-size-font-size: 17px;\n--wpforms-button-size-height: 41px;\n--wpforms-button-size-padding-h: 15px;\n--wpforms-button-size-margin-top: 10px;\n--wpforms-container-shadow-size-box-shadow: none;\n\t\t\t}\n\t\t\t<\/style><div class=\"wpforms-container wpforms-container-full wpforms-render-modern\" id=\"wpforms-1242\"><form id=\"wpforms-form-1242\" class=\"wpforms-validate wpforms-form wpforms-ajax-form\" data-formid=\"1242\" method=\"post\" enctype=\"multipart\/form-data\" action=\"\/en\/wp-json\/wp\/v2\/pages\/1249?wpforms_form_id=1242\" data-token=\"5a95e5cb93e8fe5a748728124c6c291c\" data-token-time=\"1778162792\"><noscript class=\"wpforms-error-noscript\">Please enable JavaScript in your browser to complete this form.<\/noscript><div id=\"wpforms-error-noscript\" style=\"display: none;\">Please enable JavaScript in your browser to complete this form.<\/div><div class=\"wpforms-field-container\"><div id=\"wpforms-1242-field_10-container\" class=\"wpforms-field wpforms-field-layout\" data-field-id=\"10\"><div class=\"wpforms-field-layout-columns wpforms-field-layout-preset-50-50\"><div class=\"wpforms-layout-column wpforms-layout-column-50\" ><div id=\"wpforms-1242-field_12-container\" class=\"wpforms-field wpforms-field-text\" data-field-id=\"12\"><label class=\"wpforms-field-label\" for=\"wpforms-1242-field_12\">Name <span class=\"wpforms-required-label\" aria-hidden=\"true\">*<\/span><\/label><input type=\"text\" id=\"wpforms-1242-field_12\" class=\"wpforms-field-medium wpforms-field-required\" name=\"wpforms[fields][12]\" aria-errormessage=\"wpforms-1242-field_12-error\" required><\/div><div id=\"wpforms-1242-field_4-container\" class=\"wpforms-field wpforms-field-email\" data-field-id=\"4\"><label class=\"wpforms-field-label\" for=\"wpforms-1242-field_4\">E-Mail<\/label><input type=\"email\" id=\"wpforms-1242-field_4\" class=\"wpforms-field-medium\" name=\"wpforms[fields][4]\" spellcheck=\"false\" aria-errormessage=\"wpforms-1242-field_4-error\" ><\/div><\/div><div class=\"wpforms-layout-column wpforms-layout-column-50\" ><div id=\"wpforms-1242-field_22-container\" class=\"wpforms-field wpforms-field-text\" data-field-id=\"22\"><label class=\"wpforms-field-label\" for=\"wpforms-1242-field_22\">Company <span class=\"wpforms-required-label\" aria-hidden=\"true\">*<\/span><\/label><input type=\"text\" id=\"wpforms-1242-field_22\" class=\"wpforms-field-medium wpforms-field-required\" name=\"wpforms[fields][22]\" aria-errormessage=\"wpforms-1242-field_22-error\" required><\/div><\/div><\/div><\/div><div id=\"wpforms-1242-field_16-container\" class=\"wpforms-field wpforms-field-layout\" data-field-id=\"16\"><div class=\"wpforms-field-layout-columns wpforms-field-layout-preset-50-50\"><div class=\"wpforms-layout-column wpforms-layout-column-50\" ><div id=\"wpforms-1242-field_17-container\" class=\"wpforms-field wpforms-field-file-upload\" data-field-id=\"17\"><label class=\"wpforms-field-label\" for=\"wpforms-1242-field_17\">Photo of type plate <span class=\"wpforms-required-label\" aria-hidden=\"true\">*<\/span><\/label><div\n\t\tclass=\"wpforms-uploader wpforms-field-required\"\n\t\tdata-field-id=\"17\"\n\t\tdata-form-id=\"1242\"\n\t\tdata-input-name=\"wpforms_1242_17\"\n\t\tdata-extensions=\"png,gif,jpg,pdf,jpeg\"\n\t\tdata-max-size=\"33554432\"\n\t\tdata-max-file-number=\"1\"\n\t\tdata-post-max-size=\"33554432\"\n\t\tdata-max-parallel-uploads=\"4\"\n\t\tdata-parallel-uploads=\"true\"\n\t\tdata-file-chunk-size=\"2097152\">\n\t<div class=\"dz-message\">\n\t\t<svg  viewBox=\"0 0 640 640\" focusable=\"false\" data-icon=\"inbox\" width=\"50px\" height=\"50px\" fill=\"currentColor\" aria-hidden=\"true\">\n\t\t\t<path d=\"M352 173.3L352 384C352 401.7 337.7 416 320 416C302.3 416 288 401.7 288 384L288 173.3L246.6 214.7C234.1 227.2 213.8 227.2 201.3 214.7C188.8 202.2 188.8 181.9 201.3 169.4L297.3 73.4C309.8 60.9 330.1 60.9 342.6 73.4L438.6 169.4C451.1 181.9 451.1 202.2 438.6 214.7C426.1 227.2 405.8 227.2 393.3 214.7L352 173.3zM320 464C364.2 464 400 428.2 400 384L480 384C515.3 384 544 412.7 544 448L544 480C544 515.3 515.3 544 480 544L160 544C124.7 544 96 515.3 96 480L96 448C96 412.7 124.7 384 160 384L240 384C240 428.2 275.8 464 320 464zM464 488C477.3 488 488 477.3 488 464C488 450.7 477.3 440 464 440C450.7 440 440 450.7 440 464C440 477.3 450.7 488 464 488z\"\/>\n\t\t<\/svg>\n\n\t\t<span class=\"modern-title\">\n\t\t\t\t\t\t\tDrag &amp; Drop Files, \t\t\t\t<span>Choose Files to Upload<\/span>\n\t\t\t\t\t<\/span>\n\n\t\t\t<\/div>\n<\/div>\n\n<input\n\t\ttype=\"text\"\n\t\tautocomplete=\"off\"\n\t\treadonly\n\t\tclass=\"dropzone-input\"\n\t\tstyle=\"position:absolute!important;clip:rect(0,0,0,0)!important;height:1px!important;width:1px!important;border:0!important;overflow:hidden!important;padding:0!important;margin:0!important;\"\n\t\tid=\"wpforms-1242-field_17\"\n\t\tname=\"wpforms_1242_17\" required\t\tvalue=\"\">\n<div id=\"wpforms-1242-field_17-description\" class=\"wpforms-field-description\">(required for correct assignment, accepted file formats  .png, .gif, .jpg, .jpeg, .pdf)<\/div><\/div><\/div><div class=\"wpforms-layout-column wpforms-layout-column-50\" ><div id=\"wpforms-1242-field_24-container\" class=\"wpforms-field wpforms-field-file-upload\" data-field-id=\"24\"><label class=\"wpforms-field-label\" for=\"wpforms-1242-field_24\">Further picture upload<\/label><div\n\t\tclass=\"wpforms-uploader \"\n\t\tdata-field-id=\"24\"\n\t\tdata-form-id=\"1242\"\n\t\tdata-input-name=\"wpforms_1242_24\"\n\t\tdata-extensions=\"png,gif,jpg,pdf,jpeg\"\n\t\tdata-max-size=\"33554432\"\n\t\tdata-max-file-number=\"4\"\n\t\tdata-post-max-size=\"33554432\"\n\t\tdata-max-parallel-uploads=\"4\"\n\t\tdata-parallel-uploads=\"true\"\n\t\tdata-file-chunk-size=\"2097152\">\n\t<div class=\"dz-message\">\n\t\t<svg  viewBox=\"0 0 640 640\" focusable=\"false\" data-icon=\"inbox\" width=\"50px\" height=\"50px\" fill=\"currentColor\" aria-hidden=\"true\">\n\t\t\t<path d=\"M352 173.3L352 384C352 401.7 337.7 416 320 416C302.3 416 288 401.7 288 384L288 173.3L246.6 214.7C234.1 227.2 213.8 227.2 201.3 214.7C188.8 202.2 188.8 181.9 201.3 169.4L297.3 73.4C309.8 60.9 330.1 60.9 342.6 73.4L438.6 169.4C451.1 181.9 451.1 202.2 438.6 214.7C426.1 227.2 405.8 227.2 393.3 214.7L352 173.3zM320 464C364.2 464 400 428.2 400 384L480 384C515.3 384 544 412.7 544 448L544 480C544 515.3 515.3 544 480 544L160 544C124.7 544 96 515.3 96 480L96 448C96 412.7 124.7 384 160 384L240 384C240 428.2 275.8 464 320 464zM464 488C477.3 488 488 477.3 488 464C488 450.7 477.3 440 464 440C450.7 440 440 450.7 440 464C440 477.3 450.7 488 464 488z\"\/>\n\t\t<\/svg>\n\n\t\t<span class=\"modern-title\">\n\t\t\t\t\t\t\tDrag &amp; Drop Files, \t\t\t\t<span>Choose Files to Upload<\/span>\n\t\t\t\t\t<\/span>\n\n\t\t\t\t\t<span class=\"modern-hint\">You can upload up to 4 files.<\/span>\n\t\t\t<\/div>\n<\/div>\n\n<input\n\t\ttype=\"text\"\n\t\tautocomplete=\"off\"\n\t\treadonly\n\t\tclass=\"dropzone-input\"\n\t\tstyle=\"position:absolute!important;clip:rect(0,0,0,0)!important;height:1px!important;width:1px!important;border:0!important;overflow:hidden!important;padding:0!important;margin:0!important;\"\n\t\tid=\"wpforms-1242-field_24\"\n\t\tname=\"wpforms_1242_24\" \t\tvalue=\"\">\n<div id=\"wpforms-1242-field_24-description\" class=\"wpforms-field-description\">(optional, accepted file formats .png, .gif, .jpg, .jpeg, .pdf)<\/div><\/div><\/div><\/div><\/div><div id=\"wpforms-1242-field_20-container\" class=\"wpforms-field wpforms-field-textarea\" data-field-id=\"20\"><label class=\"wpforms-field-label\" for=\"wpforms-1242-field_20\">Please share your feedback with us!<\/label><textarea id=\"wpforms-1242-field_20\" class=\"wpforms-field-medium\" name=\"wpforms[fields][20]\" aria-errormessage=\"wpforms-1242-field_20-error\" ><\/textarea><\/div><\/div><!-- .wpforms-field-container --><div class=\"wpforms-recaptcha-container wpforms-is-hcaptcha\" ><div class=\"h-captcha\" data-sitekey=\"d2ca280e-612e-4795-8332-439928f267f7\"><\/div><input type=\"text\" name=\"g-recaptcha-hidden\" class=\"wpforms-recaptcha-hidden\" style=\"position:absolute!important;clip:rect(0,0,0,0)!important;height:1px!important;width:1px!important;border:0!important;overflow:hidden!important;padding:0!important;margin:0!important;\" data-rule-hcaptcha=\"1\"><\/div><div class=\"wpforms-submit-container\" ><input type=\"hidden\" name=\"wpforms[id]\" value=\"1242\"><input type=\"hidden\" name=\"page_title\" value=\"\"><input type=\"hidden\" name=\"page_url\" value=\"https:\/\/wuk-gmbh.com\/en\/wp-json\/wp\/v2\/pages\/1249\"><input type=\"hidden\" name=\"url_referer\" value=\"\"><button type=\"submit\" name=\"wpforms[submit]\" id=\"wpforms-submit-1242\" class=\"wpforms-submit\" data-alt-text=\"Sending\u2026\" data-submit-text=\"Send\" aria-live=\"assertive\" value=\"wpforms-submit\">Send<\/button><img loading=\"lazy\" decoding=\"async\" src=\"https:\/\/wuk-gmbh.com\/wp-content\/plugins\/wpforms\/assets\/images\/submit-spin.svg\" class=\"wpforms-submit-spinner\" style=\"display: none;\" width=\"26\" height=\"26\" alt=\"Loading\"><\/div><\/form><\/div>  <!-- .wpforms-container -->\n<\/div><\/section>\n","protected":false},"excerpt":{"rendered":"","protected":false},"author":1,"featured_media":0,"parent":0,"menu_order":2,"comment_status":"closed","ping_status":"closed","template":"","meta":{"footnotes":""},"class_list":["post-1249","page","type-page","status-publish","hentry"],"yoast_head":"<!-- This site is optimized with the Yoast SEO plugin v27.5 - https:\/\/yoast.com\/product\/yoast-seo-wordpress\/ -->\n<title>Feedback - w&amp;k Elektrotechnik GmbH<\/title>\n<meta name=\"robots\" content=\"index, follow, max-snippet:-1, max-image-preview:large, max-video-preview:-1\" \/>\n<link rel=\"canonical\" href=\"https:\/\/wuk-gmbh.com\/en\/feedback\/\" \/>\n<meta property=\"og:locale\" content=\"en_US\" \/>\n<meta property=\"og:type\" content=\"article\" \/>\n<meta property=\"og:title\" content=\"Feedback - w&amp;k Elektrotechnik GmbH\" \/>\n<meta property=\"og:url\" content=\"https:\/\/wuk-gmbh.com\/en\/feedback\/\" \/>\n<meta property=\"og:site_name\" content=\"w&amp;k Elektrotechnik GmbH\" \/>\n<meta property=\"article:modified_time\" content=\"2023-05-26T13:21:09+00:00\" \/>\n<meta name=\"twitter:card\" content=\"summary_large_image\" \/>\n<meta name=\"twitter:label1\" content=\"Est. reading time\" \/>\n\t<meta name=\"twitter:data1\" content=\"2 minutes\" \/>\n<script type=\"application\/ld+json\" class=\"yoast-schema-graph\">{\"@context\":\"https:\\\/\\\/schema.org\",\"@graph\":[{\"@type\":\"WebPage\",\"@id\":\"https:\\\/\\\/wuk-gmbh.com\\\/en\\\/feedback\\\/\",\"url\":\"https:\\\/\\\/wuk-gmbh.com\\\/en\\\/feedback\\\/\",\"name\":\"Feedback - w&amp;k Elektrotechnik GmbH\",\"isPartOf\":{\"@id\":\"https:\\\/\\\/wuk-gmbh.com\\\/en\\\/#website\"},\"datePublished\":\"2023-05-26T13:19:11+00:00\",\"dateModified\":\"2023-05-26T13:21:09+00:00\",\"breadcrumb\":{\"@id\":\"https:\\\/\\\/wuk-gmbh.com\\\/en\\\/feedback\\\/#breadcrumb\"},\"inLanguage\":\"en-US\",\"potentialAction\":[{\"@type\":\"ReadAction\",\"target\":[\"https:\\\/\\\/wuk-gmbh.com\\\/en\\\/feedback\\\/\"]}]},{\"@type\":\"BreadcrumbList\",\"@id\":\"https:\\\/\\\/wuk-gmbh.com\\\/en\\\/feedback\\\/#breadcrumb\",\"itemListElement\":[{\"@type\":\"ListItem\",\"position\":1,\"name\":\"Startseite\",\"item\":\"https:\\\/\\\/wuk-gmbh.com\\\/en\\\/\"},{\"@type\":\"ListItem\",\"position\":2,\"name\":\"Feedback\"}]},{\"@type\":\"WebSite\",\"@id\":\"https:\\\/\\\/wuk-gmbh.com\\\/en\\\/#website\",\"url\":\"https:\\\/\\\/wuk-gmbh.com\\\/en\\\/\",\"name\":\"w&amp;k Elektrotechnik GmbH\",\"description\":\"Unser Unternehmen produziert Niederspannungsschaltger\u00e4tekombinationen sowie Steuerschr\u00e4nke f\u00fcr die Automatisierungstechnik\\\/MSR-Technik.\",\"potentialAction\":[{\"@type\":\"SearchAction\",\"target\":{\"@type\":\"EntryPoint\",\"urlTemplate\":\"https:\\\/\\\/wuk-gmbh.com\\\/en\\\/?s={search_term_string}\"},\"query-input\":{\"@type\":\"PropertyValueSpecification\",\"valueRequired\":true,\"valueName\":\"search_term_string\"}}],\"inLanguage\":\"en-US\"}]}<\/script>\n<!-- \/ Yoast SEO plugin. -->","yoast_head_json":{"title":"Feedback - w&amp;k Elektrotechnik GmbH","robots":{"index":"index","follow":"follow","max-snippet":"max-snippet:-1","max-image-preview":"max-image-preview:large","max-video-preview":"max-video-preview:-1"},"canonical":"https:\/\/wuk-gmbh.com\/en\/feedback\/","og_locale":"en_US","og_type":"article","og_title":"Feedback - w&amp;k Elektrotechnik GmbH","og_url":"https:\/\/wuk-gmbh.com\/en\/feedback\/","og_site_name":"w&amp;k Elektrotechnik GmbH","article_modified_time":"2023-05-26T13:21:09+00:00","twitter_card":"summary_large_image","twitter_misc":{"Est. reading time":"2 minutes"},"schema":{"@context":"https:\/\/schema.org","@graph":[{"@type":"WebPage","@id":"https:\/\/wuk-gmbh.com\/en\/feedback\/","url":"https:\/\/wuk-gmbh.com\/en\/feedback\/","name":"Feedback - w&amp;k Elektrotechnik GmbH","isPartOf":{"@id":"https:\/\/wuk-gmbh.com\/en\/#website"},"datePublished":"2023-05-26T13:19:11+00:00","dateModified":"2023-05-26T13:21:09+00:00","breadcrumb":{"@id":"https:\/\/wuk-gmbh.com\/en\/feedback\/#breadcrumb"},"inLanguage":"en-US","potentialAction":[{"@type":"ReadAction","target":["https:\/\/wuk-gmbh.com\/en\/feedback\/"]}]},{"@type":"BreadcrumbList","@id":"https:\/\/wuk-gmbh.com\/en\/feedback\/#breadcrumb","itemListElement":[{"@type":"ListItem","position":1,"name":"Startseite","item":"https:\/\/wuk-gmbh.com\/en\/"},{"@type":"ListItem","position":2,"name":"Feedback"}]},{"@type":"WebSite","@id":"https:\/\/wuk-gmbh.com\/en\/#website","url":"https:\/\/wuk-gmbh.com\/en\/","name":"w&amp;k Elektrotechnik GmbH","description":"Unser Unternehmen produziert Niederspannungsschaltger\u00e4tekombinationen sowie Steuerschr\u00e4nke f\u00fcr die Automatisierungstechnik\/MSR-Technik.","potentialAction":[{"@type":"SearchAction","target":{"@type":"EntryPoint","urlTemplate":"https:\/\/wuk-gmbh.com\/en\/?s={search_term_string}"},"query-input":{"@type":"PropertyValueSpecification","valueRequired":true,"valueName":"search_term_string"}}],"inLanguage":"en-US"}]}},"_links":{"self":[{"href":"https:\/\/wuk-gmbh.com\/en\/wp-json\/wp\/v2\/pages\/1249","targetHints":{"allow":["GET"]}}],"collection":[{"href":"https:\/\/wuk-gmbh.com\/en\/wp-json\/wp\/v2\/pages"}],"about":[{"href":"https:\/\/wuk-gmbh.com\/en\/wp-json\/wp\/v2\/types\/page"}],"author":[{"embeddable":true,"href":"https:\/\/wuk-gmbh.com\/en\/wp-json\/wp\/v2\/users\/1"}],"replies":[{"embeddable":true,"href":"https:\/\/wuk-gmbh.com\/en\/wp-json\/wp\/v2\/comments?post=1249"}],"version-history":[{"count":3,"href":"https:\/\/wuk-gmbh.com\/en\/wp-json\/wp\/v2\/pages\/1249\/revisions"}],"predecessor-version":[{"id":1254,"href":"https:\/\/wuk-gmbh.com\/en\/wp-json\/wp\/v2\/pages\/1249\/revisions\/1254"}],"wp:attachment":[{"href":"https:\/\/wuk-gmbh.com\/en\/wp-json\/wp\/v2\/media?parent=1249"}],"curies":[{"name":"wp","href":"https:\/\/api.w.org\/{rel}","templated":true}]}}